{"id":53,"date":"2013-11-07T11:49:46","date_gmt":"2013-11-07T16:49:46","guid":{"rendered":"https:\/\/immex.ca\/?page_id=53"},"modified":"2014-02-05T19:02:24","modified_gmt":"2014-02-06T00:02:24","slug":"tenant-services","status":"publish","type":"page","link":"https:\/\/immex.ca\/en\/tenant-services\/","title":{"rendered":"Tenant services"},"content":{"rendered":"<h2><span style=\"color: #ff0000;\">Quality services\u00a0for our tenants <\/span><\/h2>\n<p>IMMEX makes tenant services a priority. We take the time to identify our clients&#8217; needs so we can offer personalized services. IMMEX is known as an efficient real estate developer and property manager.<\/p>\n<p>We take great care to maintain and modernize our buildings. Our commitment to our tenants is distinguished by our personal service and our quick response time.<\/p>\n<p>&nbsp;<\/p>\n<p><span style=\"font-size: medium;\"><strong>You need information or require help in an emergency?<br \/> Our team is available for you! <\/strong><\/span><\/p>\n<p>&nbsp;<\/p>\n<div class=\"well well-md\"><span style=\"font-size: medium;\">Contact us at 819-348-2222 during regular office hours:\u00a0<\/span>\n<p>&nbsp;<\/p>\n<ul>\n<li><span style=\"font-size: medium;\">Monday to Thursday: 8:30 a.m. to 5:00 p.m.<\/span><\/li>\n<li><span style=\"font-size: medium;\">Friday: 8:30 a.m. to 4:30 p.m.<\/span><\/li>\n<\/ul>\n<p><span style=\"line-height: 1.8em;\">\u00a0<\/span><\/p>\n<p><span style=\"font-size: medium;\">For any emergency outside regular office hours\u00a0<\/span><span style=\"font-size: medium;\">please call <\/span><\/p>\n<p><span style=\"font-size: medium;\"><strong>819-348-2222, # 1<\/strong>.<\/span><span style=\"line-height: 1.8em;\"><\/span><\/p><\/div><\/span><\/p>\n","protected":false},"excerpt":{"rendered":"<p>Quality services\u00a0for our tenants IMMEX makes tenant services a priority. We take the time to identify our clients&#8217; needs so we can offer personalized services. IMMEX is known as an efficient real estate developer and property manager. We take great&hellip; <a href=\"https:\/\/immex.ca\/en\/tenant-services\/\" class=\"more-link\">Continue Reading <span class=\"meta-nav\">&rarr;<\/span><\/a><\/p>\n","protected":false},"author":6396,"featured_media":0,"parent":0,"menu_order":0,"comment_status":"open","ping_status":"closed","template":"","meta":{"ngg_post_thumbnail":0,"footnotes":""},"class_list":["post-53","page","type-page","status-publish","hentry"],"yoast_head":"<!-- This site is optimized with the Yoast SEO plugin v27.3 - https:\/\/yoast.com\/product\/yoast-seo-wordpress\/ -->\n<title>Tenant services - Immex Soci\u00e9t\u00e9 Immobili\u00e8re<\/title>\n<meta name=\"description\" content=\"Quality services\u00a0for our tenants IMMEX makes tenant services a priority. We take the time to identify our clients&#039; needs so we can offer personalized\" \/>\n<meta name=\"robots\" content=\"index, follow, max-snippet:-1, max-image-preview:large, max-video-preview:-1\" \/>\n<link rel=\"canonical\" href=\"https:\/\/immex.ca\/en\/tenant-services\/\" \/>\n<meta property=\"og:locale\" content=\"en_US\" \/>\n<meta property=\"og:type\" content=\"article\" \/>\n<meta property=\"og:title\" content=\"Tenant services - Immex Soci\u00e9t\u00e9 Immobili\u00e8re\" \/>\n<meta property=\"og:description\" content=\"Quality services\u00a0for our tenants IMMEX makes tenant services a priority. We take the time to identify our clients&#039; needs so we can offer personalized\" \/>\n<meta property=\"og:url\" content=\"https:\/\/immex.ca\/en\/tenant-services\/\" \/>\n<meta property=\"og:site_name\" content=\"Immex Soci\u00e9t\u00e9 Immobili\u00e8re\" \/>\n<meta property=\"article:modified_time\" content=\"2014-02-06T00:02:24+00:00\" \/>\n<meta name=\"twitter:label1\" content=\"Est. reading time\" \/>\n\t<meta name=\"twitter:data1\" content=\"1 minute\" \/>\n<script type=\"application\/ld+json\" class=\"yoast-schema-graph\">{\"@context\":\"https:\\\/\\\/schema.org\",\"@graph\":[{\"@type\":\"WebPage\",\"@id\":\"https:\\\/\\\/immex.ca\\\/en\\\/tenant-services\\\/\",\"url\":\"https:\\\/\\\/immex.ca\\\/en\\\/tenant-services\\\/\",\"name\":\"Tenant services - Immex Soci\u00e9t\u00e9 Immobili\u00e8re\",\"isPartOf\":{\"@id\":\"https:\\\/\\\/immex.ca\\\/#website\"},\"datePublished\":\"2013-11-07T16:49:46+00:00\",\"dateModified\":\"2014-02-06T00:02:24+00:00\",\"description\":\"Quality services\u00a0for our tenants IMMEX makes tenant services a priority. We take the time to identify our clients' needs so we can offer personalized\",\"breadcrumb\":{\"@id\":\"https:\\\/\\\/immex.ca\\\/en\\\/tenant-services\\\/#breadcrumb\"},\"inLanguage\":\"en-US\",\"potentialAction\":[{\"@type\":\"ReadAction\",\"target\":[\"https:\\\/\\\/immex.ca\\\/en\\\/tenant-services\\\/\"]}]},{\"@type\":\"BreadcrumbList\",\"@id\":\"https:\\\/\\\/immex.ca\\\/en\\\/tenant-services\\\/#breadcrumb\",\"itemListElement\":[{\"@type\":\"ListItem\",\"position\":1,\"name\":\"Home\",\"item\":\"https:\\\/\\\/immex.ca\\\/en\\\/\"},{\"@type\":\"ListItem\",\"position\":2,\"name\":\"Tenant services\"}]},{\"@type\":\"WebSite\",\"@id\":\"https:\\\/\\\/immex.ca\\\/#website\",\"url\":\"https:\\\/\\\/immex.ca\\\/\",\"name\":\"Immex Soci\u00e9t\u00e9 Immobili\u00e8re\",\"description\":\"\",\"potentialAction\":[{\"@type\":\"SearchAction\",\"target\":{\"@type\":\"EntryPoint\",\"urlTemplate\":\"https:\\\/\\\/immex.ca\\\/?s={search_term_string}\"},\"query-input\":{\"@type\":\"PropertyValueSpecification\",\"valueRequired\":true,\"valueName\":\"search_term_string\"}}],\"inLanguage\":\"en-US\"}]}<\/script>\n<!-- \/ Yoast SEO plugin. -->","yoast_head_json":{"title":"Tenant services - Immex Soci\u00e9t\u00e9 Immobili\u00e8re","description":"Quality services\u00a0for our tenants IMMEX makes tenant services a priority. We take the time to identify our clients' needs so we can offer personalized","robots":{"index":"index","follow":"follow","max-snippet":"max-snippet:-1","max-image-preview":"max-image-preview:large","max-video-preview":"max-video-preview:-1"},"canonical":"https:\/\/immex.ca\/en\/tenant-services\/","og_locale":"en_US","og_type":"article","og_title":"Tenant services - Immex Soci\u00e9t\u00e9 Immobili\u00e8re","og_description":"Quality services\u00a0for our tenants IMMEX makes tenant services a priority. We take the time to identify our clients' needs so we can offer personalized","og_url":"https:\/\/immex.ca\/en\/tenant-services\/","og_site_name":"Immex Soci\u00e9t\u00e9 Immobili\u00e8re","article_modified_time":"2014-02-06T00:02:24+00:00","twitter_misc":{"Est. reading time":"1 minute"},"schema":{"@context":"https:\/\/schema.org","@graph":[{"@type":"WebPage","@id":"https:\/\/immex.ca\/en\/tenant-services\/","url":"https:\/\/immex.ca\/en\/tenant-services\/","name":"Tenant services - Immex Soci\u00e9t\u00e9 Immobili\u00e8re","isPartOf":{"@id":"https:\/\/immex.ca\/#website"},"datePublished":"2013-11-07T16:49:46+00:00","dateModified":"2014-02-06T00:02:24+00:00","description":"Quality services\u00a0for our tenants IMMEX makes tenant services a priority. We take the time to identify our clients' needs so we can offer personalized","breadcrumb":{"@id":"https:\/\/immex.ca\/en\/tenant-services\/#breadcrumb"},"inLanguage":"en-US","potentialAction":[{"@type":"ReadAction","target":["https:\/\/immex.ca\/en\/tenant-services\/"]}]},{"@type":"BreadcrumbList","@id":"https:\/\/immex.ca\/en\/tenant-services\/#breadcrumb","itemListElement":[{"@type":"ListItem","position":1,"name":"Home","item":"https:\/\/immex.ca\/en\/"},{"@type":"ListItem","position":2,"name":"Tenant services"}]},{"@type":"WebSite","@id":"https:\/\/immex.ca\/#website","url":"https:\/\/immex.ca\/","name":"Immex Soci\u00e9t\u00e9 Immobili\u00e8re","description":"","potentialAction":[{"@type":"SearchAction","target":{"@type":"EntryPoint","urlTemplate":"https:\/\/immex.ca\/?s={search_term_string}"},"query-input":{"@type":"PropertyValueSpecification","valueRequired":true,"valueName":"search_term_string"}}],"inLanguage":"en-US"}]}},"_links":{"self":[{"href":"https:\/\/immex.ca\/en\/wp-json\/wp\/v2\/pages\/53","targetHints":{"allow":["GET"]}}],"collection":[{"href":"https:\/\/immex.ca\/en\/wp-json\/wp\/v2\/pages"}],"about":[{"href":"https:\/\/immex.ca\/en\/wp-json\/wp\/v2\/types\/page"}],"author":[{"embeddable":true,"href":"https:\/\/immex.ca\/en\/wp-json\/wp\/v2\/users\/6396"}],"replies":[{"embeddable":true,"href":"https:\/\/immex.ca\/en\/wp-json\/wp\/v2\/comments?post=53"}],"version-history":[{"count":0,"href":"https:\/\/immex.ca\/en\/wp-json\/wp\/v2\/pages\/53\/revisions"}],"wp:attachment":[{"href":"https:\/\/immex.ca\/en\/wp-json\/wp\/v2\/media?parent=53"}],"curies":[{"name":"wp","href":"https:\/\/api.w.org\/{rel}","templated":true}]}}