{"id":49,"date":"2013-11-07T11:45:04","date_gmt":"2013-11-07T16:45:04","guid":{"rendered":"https:\/\/immex.ca\/?page_id=49"},"modified":"2023-06-08T11:30:00","modified_gmt":"2023-06-08T15:30:00","slug":"about-immex","status":"publish","type":"page","link":"https:\/\/immex.ca\/en\/about-immex\/","title":{"rendered":"Why <span>Immex Soci\u00e9t\u00e9 Immobili\u00e8re?<\/span>"},"content":{"rendered":"<p>A company recognized for its real estate development in the Eastern Townships<\/p>\n","protected":false},"excerpt":{"rendered":"<p>A company recognized for its real estate development in the Eastern Townships<\/p>\n","protected":false},"author":6396,"featured_media":533,"parent":0,"menu_order":0,"comment_status":"open","ping_status":"closed","template":"page-template-propos.php","meta":{"ngg_post_thumbnail":0,"footnotes":""},"class_list":["post-49","page","type-page","status-publish","has-post-thumbnail","hentry"],"yoast_head":"<!-- This site is optimized with the Yoast SEO plugin v27.3 - https:\/\/yoast.com\/product\/yoast-seo-wordpress\/ -->\n<title>Why Immex Soci\u00e9t\u00e9 Immobili\u00e8re? - Immex Soci\u00e9t\u00e9 Immobili\u00e8re<\/title>\n<meta name=\"description\" content=\"A company recognized for its real estate development in the Eastern Townships\" \/>\n<meta name=\"robots\" content=\"index, follow, max-snippet:-1, max-image-preview:large, max-video-preview:-1\" \/>\n<link rel=\"canonical\" href=\"https:\/\/immex.ca\/en\/about-immex\/\" \/>\n<meta property=\"og:locale\" content=\"en_US\" \/>\n<meta property=\"og:type\" content=\"article\" \/>\n<meta property=\"og:title\" content=\"Why Immex Soci\u00e9t\u00e9 Immobili\u00e8re? - Immex Soci\u00e9t\u00e9 Immobili\u00e8re\" \/>\n<meta property=\"og:description\" content=\"A company recognized for its real estate development in the Eastern Townships\" \/>\n<meta property=\"og:url\" content=\"https:\/\/immex.ca\/en\/about-immex\/\" \/>\n<meta property=\"og:site_name\" content=\"Immex Soci\u00e9t\u00e9 Immobili\u00e8re\" \/>\n<meta property=\"article:modified_time\" content=\"2023-06-08T15:30:00+00:00\" \/>\n<meta property=\"og:image\" content=\"https:\/\/immex.ca\/wp-content\/uploads\/2013\/11\/propos.jpg\" \/>\n\t<meta property=\"og:image:width\" content=\"1208\" \/>\n\t<meta property=\"og:image:height\" content=\"473\" \/>\n\t<meta property=\"og:image:type\" content=\"image\/jpeg\" \/>\n<script type=\"application\/ld+json\" class=\"yoast-schema-graph\">{\"@context\":\"https:\\\/\\\/schema.org\",\"@graph\":[{\"@type\":\"WebPage\",\"@id\":\"https:\\\/\\\/immex.ca\\\/en\\\/about-immex\\\/\",\"url\":\"https:\\\/\\\/immex.ca\\\/en\\\/about-immex\\\/\",\"name\":\"Why Immex Soci\u00e9t\u00e9 Immobili\u00e8re? - Immex Soci\u00e9t\u00e9 Immobili\u00e8re\",\"isPartOf\":{\"@id\":\"https:\\\/\\\/immex.ca\\\/#website\"},\"primaryImageOfPage\":{\"@id\":\"https:\\\/\\\/immex.ca\\\/en\\\/about-immex\\\/#primaryimage\"},\"image\":{\"@id\":\"https:\\\/\\\/immex.ca\\\/en\\\/about-immex\\\/#primaryimage\"},\"thumbnailUrl\":\"https:\\\/\\\/immex.ca\\\/wp-content\\\/uploads\\\/2013\\\/11\\\/propos.jpg\",\"datePublished\":\"2013-11-07T16:45:04+00:00\",\"dateModified\":\"2023-06-08T15:30:00+00:00\",\"description\":\"A company recognized for its real estate development in the Eastern Townships\",\"breadcrumb\":{\"@id\":\"https:\\\/\\\/immex.ca\\\/en\\\/about-immex\\\/#breadcrumb\"},\"inLanguage\":\"en-US\",\"potentialAction\":[{\"@type\":\"ReadAction\",\"target\":[\"https:\\\/\\\/immex.ca\\\/en\\\/about-immex\\\/\"]}]},{\"@type\":\"ImageObject\",\"inLanguage\":\"en-US\",\"@id\":\"https:\\\/\\\/immex.ca\\\/en\\\/about-immex\\\/#primaryimage\",\"url\":\"https:\\\/\\\/immex.ca\\\/wp-content\\\/uploads\\\/2013\\\/11\\\/propos.jpg\",\"contentUrl\":\"https:\\\/\\\/immex.ca\\\/wp-content\\\/uploads\\\/2013\\\/11\\\/propos.jpg\",\"width\":1208,\"height\":473},{\"@type\":\"BreadcrumbList\",\"@id\":\"https:\\\/\\\/immex.ca\\\/en\\\/about-immex\\\/#breadcrumb\",\"itemListElement\":[{\"@type\":\"ListItem\",\"position\":1,\"name\":\"Home\",\"item\":\"https:\\\/\\\/immex.ca\\\/en\\\/\"},{\"@type\":\"ListItem\",\"position\":2,\"name\":\"Why Immex Soci\u00e9t\u00e9 Immobili\u00e8re?\"}]},{\"@type\":\"WebSite\",\"@id\":\"https:\\\/\\\/immex.ca\\\/#website\",\"url\":\"https:\\\/\\\/immex.ca\\\/\",\"name\":\"Immex Soci\u00e9t\u00e9 Immobili\u00e8re\",\"description\":\"\",\"potentialAction\":[{\"@type\":\"SearchAction\",\"target\":{\"@type\":\"EntryPoint\",\"urlTemplate\":\"https:\\\/\\\/immex.ca\\\/?s={search_term_string}\"},\"query-input\":{\"@type\":\"PropertyValueSpecification\",\"valueRequired\":true,\"valueName\":\"search_term_string\"}}],\"inLanguage\":\"en-US\"}]}<\/script>\n<!-- \/ Yoast SEO plugin. -->","yoast_head_json":{"title":"Why Immex Soci\u00e9t\u00e9 Immobili\u00e8re? - Immex Soci\u00e9t\u00e9 Immobili\u00e8re","description":"A company recognized for its real estate development in the Eastern Townships","robots":{"index":"index","follow":"follow","max-snippet":"max-snippet:-1","max-image-preview":"max-image-preview:large","max-video-preview":"max-video-preview:-1"},"canonical":"https:\/\/immex.ca\/en\/about-immex\/","og_locale":"en_US","og_type":"article","og_title":"Why Immex Soci\u00e9t\u00e9 Immobili\u00e8re? - Immex Soci\u00e9t\u00e9 Immobili\u00e8re","og_description":"A company recognized for its real estate development in the Eastern Townships","og_url":"https:\/\/immex.ca\/en\/about-immex\/","og_site_name":"Immex Soci\u00e9t\u00e9 Immobili\u00e8re","article_modified_time":"2023-06-08T15:30:00+00:00","og_image":[{"width":1208,"height":473,"url":"https:\/\/immex.ca\/wp-content\/uploads\/2013\/11\/propos.jpg","type":"image\/jpeg"}],"schema":{"@context":"https:\/\/schema.org","@graph":[{"@type":"WebPage","@id":"https:\/\/immex.ca\/en\/about-immex\/","url":"https:\/\/immex.ca\/en\/about-immex\/","name":"Why Immex Soci\u00e9t\u00e9 Immobili\u00e8re? - Immex Soci\u00e9t\u00e9 Immobili\u00e8re","isPartOf":{"@id":"https:\/\/immex.ca\/#website"},"primaryImageOfPage":{"@id":"https:\/\/immex.ca\/en\/about-immex\/#primaryimage"},"image":{"@id":"https:\/\/immex.ca\/en\/about-immex\/#primaryimage"},"thumbnailUrl":"https:\/\/immex.ca\/wp-content\/uploads\/2013\/11\/propos.jpg","datePublished":"2013-11-07T16:45:04+00:00","dateModified":"2023-06-08T15:30:00+00:00","description":"A company recognized for its real estate development in the Eastern Townships","breadcrumb":{"@id":"https:\/\/immex.ca\/en\/about-immex\/#breadcrumb"},"inLanguage":"en-US","potentialAction":[{"@type":"ReadAction","target":["https:\/\/immex.ca\/en\/about-immex\/"]}]},{"@type":"ImageObject","inLanguage":"en-US","@id":"https:\/\/immex.ca\/en\/about-immex\/#primaryimage","url":"https:\/\/immex.ca\/wp-content\/uploads\/2013\/11\/propos.jpg","contentUrl":"https:\/\/immex.ca\/wp-content\/uploads\/2013\/11\/propos.jpg","width":1208,"height":473},{"@type":"BreadcrumbList","@id":"https:\/\/immex.ca\/en\/about-immex\/#breadcrumb","itemListElement":[{"@type":"ListItem","position":1,"name":"Home","item":"https:\/\/immex.ca\/en\/"},{"@type":"ListItem","position":2,"name":"Why Immex Soci\u00e9t\u00e9 Immobili\u00e8re?"}]},{"@type":"WebSite","@id":"https:\/\/immex.ca\/#website","url":"https:\/\/immex.ca\/","name":"Immex Soci\u00e9t\u00e9 Immobili\u00e8re","description":"","potentialAction":[{"@type":"SearchAction","target":{"@type":"EntryPoint","urlTemplate":"https:\/\/immex.ca\/?s={search_term_string}"},"query-input":{"@type":"PropertyValueSpecification","valueRequired":true,"valueName":"search_term_string"}}],"inLanguage":"en-US"}]}},"_links":{"self":[{"href":"https:\/\/immex.ca\/en\/wp-json\/wp\/v2\/pages\/49","targetHints":{"allow":["GET"]}}],"collection":[{"href":"https:\/\/immex.ca\/en\/wp-json\/wp\/v2\/pages"}],"about":[{"href":"https:\/\/immex.ca\/en\/wp-json\/wp\/v2\/types\/page"}],"author":[{"embeddable":true,"href":"https:\/\/immex.ca\/en\/wp-json\/wp\/v2\/users\/6396"}],"replies":[{"embeddable":true,"href":"https:\/\/immex.ca\/en\/wp-json\/wp\/v2\/comments?post=49"}],"version-history":[{"count":0,"href":"https:\/\/immex.ca\/en\/wp-json\/wp\/v2\/pages\/49\/revisions"}],"wp:featuredmedia":[{"embeddable":true,"href":"https:\/\/immex.ca\/en\/wp-json\/wp\/v2\/media\/533"}],"wp:attachment":[{"href":"https:\/\/immex.ca\/en\/wp-json\/wp\/v2\/media?parent=49"}],"curies":[{"name":"wp","href":"https:\/\/api.w.org\/{rel}","templated":true}]}}