{"id":280,"date":"2013-11-28T10:20:27","date_gmt":"2013-11-28T15:20:27","guid":{"rendered":"https:\/\/immex.ca\/?page_id=280"},"modified":"2019-02-07T16:05:23","modified_gmt":"2019-02-07T21:05:23","slug":"vacant-commercial-land","status":"publish","type":"page","link":"https:\/\/immex.ca\/en\/vacant-commercial-land\/","title":{"rendered":"Vacant commercial land"},"content":{"rendered":"<p style=\"text-align: left;\"><span style=\"font-size: large;\">IMMEX owns several vacant parcels of land in Sherbrooke to meet your real estate development needs.<\/span><\/p>\n<p>&nbsp;<\/p>\n<p><span style=\"color: #ff0000;\"><strong><span style=\"font-size: xx-large;\">Do you have a project?<\/span><\/strong><\/span><\/p>\n<p><span style=\"font-size: medium;\">The Plateau St.Joseph, located at the crossroads of Highways 10\/55, Highway 410 and Monseigneur-Fortier Boulevard, has vacant lots available for new projects.<\/span><\/p>\n<p><span style=\"font-size: medium;\"><a href=\"https:\/\/immex.ca\/en\/complexe\/plateau-st-joseph\/\"><span style=\"text-decoration: underline;\">Consult the Plateau St.Joseph listing for more information.<\/span><\/a><\/span><\/p>\n<p>&nbsp;<\/p>\n<p><span style=\"font-size: large;\"><strong>Contact our team for more information about our land and the services we offer.<\/strong><\/span><\/p>\n<div id=\"lubie-form-container\">\n\t<div class=\"row\">\n\t\t<div class=\"col-sm-12 col-md-12 col-xs-12 \">\n\t\t\t<h2 class=\"smallblack\">Any questions? Would you like to visit a property?<\/h2>\n\t\t\t<h3 style=\"font-size: 26px;line-height: 30px;margin-bottom:20px;\" class=\"bigred\">Contact us<\/h3>\n\t\t<\/div>\n\t<\/div>\n\t\t\n<div class=\"wpcf7 no-js\" id=\"wpcf7-f195-o1\" lang=\"\" dir=\"ltr\" data-wpcf7-id=\"195\">\n<div class=\"screen-reader-response\"><p role=\"status\" aria-live=\"polite\" aria-atomic=\"true\"><\/p> <ul><\/ul><\/div>\n<form action=\"\/en\/wp-json\/wp\/v2\/pages\/280#wpcf7-f195-o1\" method=\"post\" class=\"wpcf7-form init\" aria-label=\"Contact form\" novalidate=\"novalidate\" data-status=\"init\">\n<fieldset class=\"hidden-fields-container\"><input type=\"hidden\" name=\"_wpcf7\" value=\"195\" \/><input type=\"hidden\" name=\"_wpcf7_version\" value=\"6.1.5\" \/><input type=\"hidden\" name=\"_wpcf7_locale\" value=\"\" \/><input type=\"hidden\" name=\"_wpcf7_unit_tag\" value=\"wpcf7-f195-o1\" \/><input type=\"hidden\" name=\"_wpcf7_container_post\" value=\"0\" \/><input type=\"hidden\" name=\"_wpcf7_posted_data_hash\" value=\"\" \/>\n<\/fieldset>\n<div id=\"lubie_contact_form\">\n\t<div class=\"row\">\n\t\t<div class=\"col-sm-6 col-md-6col-xs-12 \">\n\t\t\t<p><span class=\"wpcf7-form-control-wrap\" data-name=\"your-name\"><input size=\"40\" maxlength=\"400\" class=\"wpcf7-form-control wpcf7-text wpcf7-validates-as-required\" aria-required=\"true\" aria-invalid=\"false\" placeholder=\"Name\" value=\"\" type=\"text\" name=\"your-name\" \/><\/span>\n\t\t\t<\/p>\n\t\t<\/div>\n\t\t<div class=\"col-sm-6 col-md-6 col-xs-12 \">\n\t\t\t<p><span class=\"wpcf7-form-control-wrap\" data-name=\"your-email\"><input size=\"40\" maxlength=\"400\" class=\"wpcf7-form-control wpcf7-email wpcf7-validates-as-required wpcf7-text wpcf7-validates-as-email\" aria-required=\"true\" aria-invalid=\"false\" placeholder=\"Email\" value=\"\" type=\"email\" name=\"your-email\" \/><\/span>\n\t\t\t<\/p>\n\t\t<\/div>\n\t\t<div class=\"spacer20\">\n\t\t<\/div>\n\t\t<div class=\"col-sm-6 col-md-6 col-xs-12 \">\n\t\t\t<p><span class=\"wpcf7-form-control-wrap\" data-name=\"tel-439\"><input size=\"40\" maxlength=\"400\" class=\"wpcf7-form-control wpcf7-tel wpcf7-validates-as-required wpcf7-text wpcf7-validates-as-tel\" aria-required=\"true\" aria-invalid=\"false\" placeholder=\"Phone\" value=\"\" type=\"tel\" name=\"tel-439\" \/><\/span>\n\t\t\t<\/p>\n\t\t<\/div>\n\t\t<div class=\"spacer20\">\n\t\t<\/div>\n\t\t<div class=\"col-sm-12 col-md-12 col-xs-12 \">\n\t\t\t<p><span class=\"wpcf7-form-control-wrap\" data-name=\"your-message\"><textarea cols=\"40\" rows=\"10\" maxlength=\"2000\" class=\"wpcf7-form-control wpcf7-textarea\" aria-invalid=\"false\" placeholder=\"Message\" name=\"your-message\"><\/textarea><\/span>\n\t\t\t<\/p>\n\t\t<\/div>\n\t\t<div class=\"spacer10\">\n\t\t<\/div>\n\t\t<div class=\"col-sm-2 col-md-2 col-xs-12 \">\n\t\t\t<p><input type=\"hidden\" name=\"_wpcf7_captcha_challenge_captcha-579\" value=\"4111845880\" \/><img loading=\"lazy\" decoding=\"async\" class=\"wpcf7-form-control wpcf7-captchac wpcf7-captcha-captcha-579\" width=\"72\" height=\"24\" alt=\"captcha\" src=\"https:\/\/immex.ca\/wp-content\/uploads\/wpcf7_captcha\/4111845880.png\" \/>\n\t\t\t<\/p>\n\t\t<\/div>\n\t\t<div class=\"col-sm-4 col-md-4 col-xs-12 \">\n\t\t<input class=\"wpcf7-form-control wpcf7-hidden\" value=\"\" type=\"hidden\" name=\"post_url\" \/>\n\t\t\t<p><span class=\"wpcf7-form-control-wrap\" data-name=\"captcha-579\"><input size=\"40\" class=\"wpcf7-form-control wpcf7-captchar\" autocomplete=\"off\" aria-invalid=\"false\" placeholder=\"Secret question\" value=\"\" type=\"text\" name=\"captcha-579\" \/><\/span>\n\t\t\t<\/p>\n\t\t<\/div>\n\t\t<div class=\"col-sm-6 col-md-6 col-xs-12 \">\n\t\t\t<p><input class=\"wpcf7-form-control wpcf7-submit has-spinner\" type=\"submit\" value=\"Submit\" \/>\n\t\t\t<\/p>\n\t\t<\/div>\n\t<\/div>\n<\/div><p style=\"display: none !important;\" class=\"akismet-fields-container\" data-prefix=\"_wpcf7_ak_\"><label>&#916;<textarea name=\"_wpcf7_ak_hp_textarea\" cols=\"45\" rows=\"8\" maxlength=\"100\"><\/textarea><\/label><input type=\"hidden\" id=\"ak_js_1\" name=\"_wpcf7_ak_js\" value=\"237\"\/><script>document.getElementById( \"ak_js_1\" ).setAttribute( \"value\", ( new Date() ).getTime() );<\/script><\/p><div class=\"wpcf7-response-output\" aria-hidden=\"true\"><\/div>\n<\/form>\n<\/div>\n\t\t\n\t\t\t\t<div id=\"phone-container\">\n\t\t\t<div class=\"row\">\n\t\t\t<div class=\"col-sm-2 col-md-2 notmobile\">\n\t\t\t<img decoding=\"async\" style=\"margin:6px 0px;\" src=\"https:\/\/immex.ca\/wp-content\/themes\/immex\/img\/phone.jpg\"\/>\n\t\t\t<\/div>\n\t\t\t\t<div class=\"col-sm-10 col-md-10 col-xs-12\">\n\t\t\t\t\t<div style=\"padding-left:0px;\" class=\"grid-left border-right-notmobile\">\n\t\t\t\t\t\t<h2 class=\"smallblack size27\">To<\/h2>\n\t\t\t\t\t\t<h3 class=\"bigred phoneform size22\">Join us<\/h3>\n\t\t\t\t\t<\/div>\n\t\t\t\t\t<div class=\"grid-left\">\n\t\t\t\t\t\t<h2 class=\"smallblack size27\">By Phone<\/h2>\n\t\t\t\t\t\t<h3 class=\"bigred phoneform size22\">819 348.2222<\/h3>\n\t\t\t\t\t<\/div>\t\t\t\t\t\n\t\t\t\t<\/div>\n\t\t\t<\/div>\n\t\t<\/div>\n<\/div>\n","protected":false},"excerpt":{"rendered":"<p>IMMEX owns several vacant parcels of land in Sherbrooke to meet your real estate development needs. &nbsp; Do you have a project? The Plateau St.Joseph, located at the crossroads of Highways 10\/55, Highway 410 and Monseigneur-Fortier Boulevard, has vacant lots&hellip; <a href=\"https:\/\/immex.ca\/en\/vacant-commercial-land\/\" class=\"more-link\">Continue Reading <span class=\"meta-nav\">&rarr;<\/span><\/a><\/p>\n","protected":false},"author":6396,"featured_media":0,"parent":0,"menu_order":0,"comment_status":"closed","ping_status":"closed","template":"","meta":{"ngg_post_thumbnail":0,"footnotes":""},"class_list":["post-280","page","type-page","status-publish","hentry"],"yoast_head":"<!-- This site is optimized with the Yoast SEO plugin v27.3 - https:\/\/yoast.com\/product\/yoast-seo-wordpress\/ -->\n<title>Vacant commercial land - Immex Soci\u00e9t\u00e9 Immobili\u00e8re<\/title>\n<meta name=\"description\" content=\"IMMEX owns several vacant parcels of land in Sherbrooke to meet your real estate development needs. &nbsp; Do you have a project? The Plateau St.Joseph,\" \/>\n<meta name=\"robots\" content=\"index, follow, max-snippet:-1, max-image-preview:large, max-video-preview:-1\" \/>\n<link rel=\"canonical\" href=\"https:\/\/immex.ca\/en\/vacant-commercial-land\/\" \/>\n<meta property=\"og:locale\" content=\"en_US\" \/>\n<meta property=\"og:type\" content=\"article\" \/>\n<meta property=\"og:title\" content=\"Vacant commercial land - Immex Soci\u00e9t\u00e9 Immobili\u00e8re\" \/>\n<meta property=\"og:description\" content=\"IMMEX owns several vacant parcels of land in Sherbrooke to meet your real estate development needs. &nbsp; Do you have a project? The Plateau St.Joseph,\" \/>\n<meta property=\"og:url\" content=\"https:\/\/immex.ca\/en\/vacant-commercial-land\/\" \/>\n<meta property=\"og:site_name\" content=\"Immex Soci\u00e9t\u00e9 Immobili\u00e8re\" \/>\n<meta property=\"article:modified_time\" content=\"2019-02-07T21:05:23+00:00\" \/>\n<script type=\"application\/ld+json\" class=\"yoast-schema-graph\">{\"@context\":\"https:\\\/\\\/schema.org\",\"@graph\":[{\"@type\":\"WebPage\",\"@id\":\"https:\\\/\\\/immex.ca\\\/en\\\/vacant-commercial-land\\\/\",\"url\":\"https:\\\/\\\/immex.ca\\\/en\\\/vacant-commercial-land\\\/\",\"name\":\"Vacant commercial land - Immex Soci\u00e9t\u00e9 Immobili\u00e8re\",\"isPartOf\":{\"@id\":\"https:\\\/\\\/immex.ca\\\/#website\"},\"datePublished\":\"2013-11-28T15:20:27+00:00\",\"dateModified\":\"2019-02-07T21:05:23+00:00\",\"description\":\"IMMEX owns several vacant parcels of land in Sherbrooke to meet your real estate development needs. &nbsp; Do you have a project? The Plateau St.Joseph,\",\"breadcrumb\":{\"@id\":\"https:\\\/\\\/immex.ca\\\/en\\\/vacant-commercial-land\\\/#breadcrumb\"},\"inLanguage\":\"en-US\",\"potentialAction\":[{\"@type\":\"ReadAction\",\"target\":[\"https:\\\/\\\/immex.ca\\\/en\\\/vacant-commercial-land\\\/\"]}]},{\"@type\":\"BreadcrumbList\",\"@id\":\"https:\\\/\\\/immex.ca\\\/en\\\/vacant-commercial-land\\\/#breadcrumb\",\"itemListElement\":[{\"@type\":\"ListItem\",\"position\":1,\"name\":\"Home\",\"item\":\"https:\\\/\\\/immex.ca\\\/en\\\/\"},{\"@type\":\"ListItem\",\"position\":2,\"name\":\"Vacant commercial land\"}]},{\"@type\":\"WebSite\",\"@id\":\"https:\\\/\\\/immex.ca\\\/#website\",\"url\":\"https:\\\/\\\/immex.ca\\\/\",\"name\":\"Immex Soci\u00e9t\u00e9 Immobili\u00e8re\",\"description\":\"\",\"potentialAction\":[{\"@type\":\"SearchAction\",\"target\":{\"@type\":\"EntryPoint\",\"urlTemplate\":\"https:\\\/\\\/immex.ca\\\/?s={search_term_string}\"},\"query-input\":{\"@type\":\"PropertyValueSpecification\",\"valueRequired\":true,\"valueName\":\"search_term_string\"}}],\"inLanguage\":\"en-US\"}]}<\/script>\n<!-- \/ Yoast SEO plugin. -->","yoast_head_json":{"title":"Vacant commercial land - Immex Soci\u00e9t\u00e9 Immobili\u00e8re","description":"IMMEX owns several vacant parcels of land in Sherbrooke to meet your real estate development needs. &nbsp; Do you have a project? The Plateau St.Joseph,","robots":{"index":"index","follow":"follow","max-snippet":"max-snippet:-1","max-image-preview":"max-image-preview:large","max-video-preview":"max-video-preview:-1"},"canonical":"https:\/\/immex.ca\/en\/vacant-commercial-land\/","og_locale":"en_US","og_type":"article","og_title":"Vacant commercial land - Immex Soci\u00e9t\u00e9 Immobili\u00e8re","og_description":"IMMEX owns several vacant parcels of land in Sherbrooke to meet your real estate development needs. &nbsp; Do you have a project? The Plateau St.Joseph,","og_url":"https:\/\/immex.ca\/en\/vacant-commercial-land\/","og_site_name":"Immex Soci\u00e9t\u00e9 Immobili\u00e8re","article_modified_time":"2019-02-07T21:05:23+00:00","schema":{"@context":"https:\/\/schema.org","@graph":[{"@type":"WebPage","@id":"https:\/\/immex.ca\/en\/vacant-commercial-land\/","url":"https:\/\/immex.ca\/en\/vacant-commercial-land\/","name":"Vacant commercial land - Immex Soci\u00e9t\u00e9 Immobili\u00e8re","isPartOf":{"@id":"https:\/\/immex.ca\/#website"},"datePublished":"2013-11-28T15:20:27+00:00","dateModified":"2019-02-07T21:05:23+00:00","description":"IMMEX owns several vacant parcels of land in Sherbrooke to meet your real estate development needs. &nbsp; Do you have a project? The Plateau St.Joseph,","breadcrumb":{"@id":"https:\/\/immex.ca\/en\/vacant-commercial-land\/#breadcrumb"},"inLanguage":"en-US","potentialAction":[{"@type":"ReadAction","target":["https:\/\/immex.ca\/en\/vacant-commercial-land\/"]}]},{"@type":"BreadcrumbList","@id":"https:\/\/immex.ca\/en\/vacant-commercial-land\/#breadcrumb","itemListElement":[{"@type":"ListItem","position":1,"name":"Home","item":"https:\/\/immex.ca\/en\/"},{"@type":"ListItem","position":2,"name":"Vacant commercial land"}]},{"@type":"WebSite","@id":"https:\/\/immex.ca\/#website","url":"https:\/\/immex.ca\/","name":"Immex Soci\u00e9t\u00e9 Immobili\u00e8re","description":"","potentialAction":[{"@type":"SearchAction","target":{"@type":"EntryPoint","urlTemplate":"https:\/\/immex.ca\/?s={search_term_string}"},"query-input":{"@type":"PropertyValueSpecification","valueRequired":true,"valueName":"search_term_string"}}],"inLanguage":"en-US"}]}},"_links":{"self":[{"href":"https:\/\/immex.ca\/en\/wp-json\/wp\/v2\/pages\/280","targetHints":{"allow":["GET"]}}],"collection":[{"href":"https:\/\/immex.ca\/en\/wp-json\/wp\/v2\/pages"}],"about":[{"href":"https:\/\/immex.ca\/en\/wp-json\/wp\/v2\/types\/page"}],"author":[{"embeddable":true,"href":"https:\/\/immex.ca\/en\/wp-json\/wp\/v2\/users\/6396"}],"replies":[{"embeddable":true,"href":"https:\/\/immex.ca\/en\/wp-json\/wp\/v2\/comments?post=280"}],"version-history":[{"count":0,"href":"https:\/\/immex.ca\/en\/wp-json\/wp\/v2\/pages\/280\/revisions"}],"wp:attachment":[{"href":"https:\/\/immex.ca\/en\/wp-json\/wp\/v2\/media?parent=280"}],"curies":[{"name":"wp","href":"https:\/\/api.w.org\/{rel}","templated":true}]}}