{"id":276,"date":"2013-11-28T10:18:49","date_gmt":"2013-11-28T15:18:49","guid":{"rendered":"https:\/\/immex.ca\/?page_id=276"},"modified":"2013-12-27T10:02:51","modified_gmt":"2013-12-27T15:02:51","slug":"property-portfolio","status":"publish","type":"page","link":"https:\/\/immex.ca\/en\/property-portfolio\/","title":{"rendered":"Property Portfolio"},"content":{"rendered":"","protected":false},"excerpt":{"rendered":"","protected":false},"author":6396,"featured_media":0,"parent":0,"menu_order":0,"comment_status":"closed","ping_status":"closed","template":"page-template-parc.php","meta":{"ngg_post_thumbnail":0,"footnotes":""},"class_list":["post-276","page","type-page","status-publish","hentry"],"yoast_head":"<!-- This site is optimized with the Yoast SEO plugin v27.3 - https:\/\/yoast.com\/product\/yoast-seo-wordpress\/ -->\n<title>Property Portfolio  - Immex Soci\u00e9t\u00e9 Immobili\u00e8re<\/title>\n<meta name=\"robots\" content=\"index, follow, max-snippet:-1, max-image-preview:large, max-video-preview:-1\" \/>\n<link rel=\"canonical\" href=\"https:\/\/immex.ca\/en\/property-portfolio\/\" \/>\n<meta property=\"og:locale\" content=\"en_US\" \/>\n<meta property=\"og:type\" content=\"article\" \/>\n<meta property=\"og:title\" content=\"Property Portfolio  - Immex Soci\u00e9t\u00e9 Immobili\u00e8re\" \/>\n<meta property=\"og:url\" content=\"https:\/\/immex.ca\/en\/property-portfolio\/\" \/>\n<meta property=\"og:site_name\" content=\"Immex Soci\u00e9t\u00e9 Immobili\u00e8re\" \/>\n<meta property=\"article:modified_time\" content=\"2013-12-27T15:02:51+00:00\" \/>\n<script type=\"application\/ld+json\" class=\"yoast-schema-graph\">{\"@context\":\"https:\\\/\\\/schema.org\",\"@graph\":[{\"@type\":\"WebPage\",\"@id\":\"https:\\\/\\\/immex.ca\\\/en\\\/property-portfolio\\\/\",\"url\":\"https:\\\/\\\/immex.ca\\\/en\\\/property-portfolio\\\/\",\"name\":\"Property Portfolio - Immex Soci\u00e9t\u00e9 Immobili\u00e8re\",\"isPartOf\":{\"@id\":\"https:\\\/\\\/immex.ca\\\/#website\"},\"datePublished\":\"2013-11-28T15:18:49+00:00\",\"dateModified\":\"2013-12-27T15:02:51+00:00\",\"breadcrumb\":{\"@id\":\"https:\\\/\\\/immex.ca\\\/en\\\/property-portfolio\\\/#breadcrumb\"},\"inLanguage\":\"en-US\",\"potentialAction\":[{\"@type\":\"ReadAction\",\"target\":[\"https:\\\/\\\/immex.ca\\\/en\\\/property-portfolio\\\/\"]}]},{\"@type\":\"BreadcrumbList\",\"@id\":\"https:\\\/\\\/immex.ca\\\/en\\\/property-portfolio\\\/#breadcrumb\",\"itemListElement\":[{\"@type\":\"ListItem\",\"position\":1,\"name\":\"Home\",\"item\":\"https:\\\/\\\/immex.ca\\\/en\\\/\"},{\"@type\":\"ListItem\",\"position\":2,\"name\":\"Property Portfolio\"}]},{\"@type\":\"WebSite\",\"@id\":\"https:\\\/\\\/immex.ca\\\/#website\",\"url\":\"https:\\\/\\\/immex.ca\\\/\",\"name\":\"Immex Soci\u00e9t\u00e9 Immobili\u00e8re\",\"description\":\"\",\"potentialAction\":[{\"@type\":\"SearchAction\",\"target\":{\"@type\":\"EntryPoint\",\"urlTemplate\":\"https:\\\/\\\/immex.ca\\\/?s={search_term_string}\"},\"query-input\":{\"@type\":\"PropertyValueSpecification\",\"valueRequired\":true,\"valueName\":\"search_term_string\"}}],\"inLanguage\":\"en-US\"}]}<\/script>\n<!-- \/ Yoast SEO plugin. -->","yoast_head_json":{"title":"Property Portfolio  - Immex Soci\u00e9t\u00e9 Immobili\u00e8re","robots":{"index":"index","follow":"follow","max-snippet":"max-snippet:-1","max-image-preview":"max-image-preview:large","max-video-preview":"max-video-preview:-1"},"canonical":"https:\/\/immex.ca\/en\/property-portfolio\/","og_locale":"en_US","og_type":"article","og_title":"Property Portfolio  - Immex Soci\u00e9t\u00e9 Immobili\u00e8re","og_url":"https:\/\/immex.ca\/en\/property-portfolio\/","og_site_name":"Immex Soci\u00e9t\u00e9 Immobili\u00e8re","article_modified_time":"2013-12-27T15:02:51+00:00","schema":{"@context":"https:\/\/schema.org","@graph":[{"@type":"WebPage","@id":"https:\/\/immex.ca\/en\/property-portfolio\/","url":"https:\/\/immex.ca\/en\/property-portfolio\/","name":"Property Portfolio - Immex Soci\u00e9t\u00e9 Immobili\u00e8re","isPartOf":{"@id":"https:\/\/immex.ca\/#website"},"datePublished":"2013-11-28T15:18:49+00:00","dateModified":"2013-12-27T15:02:51+00:00","breadcrumb":{"@id":"https:\/\/immex.ca\/en\/property-portfolio\/#breadcrumb"},"inLanguage":"en-US","potentialAction":[{"@type":"ReadAction","target":["https:\/\/immex.ca\/en\/property-portfolio\/"]}]},{"@type":"BreadcrumbList","@id":"https:\/\/immex.ca\/en\/property-portfolio\/#breadcrumb","itemListElement":[{"@type":"ListItem","position":1,"name":"Home","item":"https:\/\/immex.ca\/en\/"},{"@type":"ListItem","position":2,"name":"Property Portfolio"}]},{"@type":"WebSite","@id":"https:\/\/immex.ca\/#website","url":"https:\/\/immex.ca\/","name":"Immex Soci\u00e9t\u00e9 Immobili\u00e8re","description":"","potentialAction":[{"@type":"SearchAction","target":{"@type":"EntryPoint","urlTemplate":"https:\/\/immex.ca\/?s={search_term_string}"},"query-input":{"@type":"PropertyValueSpecification","valueRequired":true,"valueName":"search_term_string"}}],"inLanguage":"en-US"}]}},"_links":{"self":[{"href":"https:\/\/immex.ca\/en\/wp-json\/wp\/v2\/pages\/276","targetHints":{"allow":["GET"]}}],"collection":[{"href":"https:\/\/immex.ca\/en\/wp-json\/wp\/v2\/pages"}],"about":[{"href":"https:\/\/immex.ca\/en\/wp-json\/wp\/v2\/types\/page"}],"author":[{"embeddable":true,"href":"https:\/\/immex.ca\/en\/wp-json\/wp\/v2\/users\/6396"}],"replies":[{"embeddable":true,"href":"https:\/\/immex.ca\/en\/wp-json\/wp\/v2\/comments?post=276"}],"version-history":[{"count":0,"href":"https:\/\/immex.ca\/en\/wp-json\/wp\/v2\/pages\/276\/revisions"}],"wp:attachment":[{"href":"https:\/\/immex.ca\/en\/wp-json\/wp\/v2\/media?parent=276"}],"curies":[{"name":"wp","href":"https:\/\/api.w.org\/{rel}","templated":true}]}}