{"id":255,"date":"2013-11-26T16:55:44","date_gmt":"2013-11-26T21:55:44","guid":{"rendered":"https:\/\/immex.ca\/?page_id=255"},"modified":"2021-09-07T15:09:21","modified_gmt":"2021-09-07T19:09:21","slug":"contact-immex","status":"publish","type":"page","link":"https:\/\/immex.ca\/en\/contact-immex\/","title":{"rendered":"Contact us"},"content":{"rendered":"<div class=\"row\"><br class=\"nc\"\/><div class=\"col-sm-4 col-md-4 col-xs-12\">\n<h4>Commercial,office and industrial leasing<\/h4>\n<a href=\"mailto:gtherrien@immex.ca\" onclick=\"ga('send', 'event', 'Lien sur Email', 'Clic', 'gtherrien@immex.ca');\" class=\"name courriel\">GENEVI\u00c8VE THERRIEN<\/a><h4 class=\"phone\">819 348.2222<\/h4><\/div><div class=\"col-sm-3 col-md-3 col-xs-12\">\n<h4>General information<\/h4>\n<a href=\"mailto:reception@immex.ca\" onclick=\"ga('send', 'event', 'Lien sur Email', 'Clic', 'reception@immex.ca');\" class=\"name courriel\">IMMEX Reception desk<\/a><h4 class=\"phone\">819 348.2222<\/h4><\/div>\n<div class=\"col-sm-5 col-md-5 col-xs-12\">\n<h4>Address<\/h4>\n<a class=\"name\">95 JACQUES-CARTIER BOULEVARD SOUTH<br \/>\nSUITE 500, SHERBROOKE (QUEBEC) J1J 2Z3<\/a><h4 class=\"phone\"><\/h4><\/div>\n<\/div>\n<div class=\"light-line\"><\/div>\n<div class=\"row\"><\/div><div class=\"col-xs-12\"><\/div>\n<p>&nbsp;<\/p>\n","protected":false},"excerpt":{"rendered":"<p>&nbsp;<\/p>\n","protected":false},"author":6396,"featured_media":0,"parent":0,"menu_order":0,"comment_status":"open","ping_status":"closed","template":"page-template-contact.php","meta":{"ngg_post_thumbnail":0,"footnotes":""},"class_list":["post-255","page","type-page","status-publish","hentry"],"yoast_head":"<!-- This site is optimized with the Yoast SEO plugin v27.3 - https:\/\/yoast.com\/product\/yoast-seo-wordpress\/ -->\n<title>Contact us - Immex Soci\u00e9t\u00e9 Immobili\u00e8re<\/title>\n<meta name=\"description\" content=\"Please contact our team for additional information about our space for lease.\" \/>\n<meta name=\"robots\" content=\"index, follow, max-snippet:-1, max-image-preview:large, max-video-preview:-1\" \/>\n<link rel=\"canonical\" href=\"https:\/\/immex.ca\/en\/contact-immex\/\" \/>\n<meta property=\"og:locale\" content=\"en_US\" \/>\n<meta property=\"og:type\" content=\"article\" \/>\n<meta property=\"og:title\" content=\"Contact us - Immex Soci\u00e9t\u00e9 Immobili\u00e8re\" \/>\n<meta property=\"og:description\" content=\"Please contact our team for additional information about our space for lease.\" \/>\n<meta property=\"og:url\" content=\"https:\/\/immex.ca\/en\/contact-immex\/\" \/>\n<meta property=\"og:site_name\" content=\"Immex Soci\u00e9t\u00e9 Immobili\u00e8re\" \/>\n<meta property=\"article:modified_time\" content=\"2021-09-07T19:09:21+00:00\" \/>\n<script type=\"application\/ld+json\" class=\"yoast-schema-graph\">{\"@context\":\"https:\\\/\\\/schema.org\",\"@graph\":[{\"@type\":\"WebPage\",\"@id\":\"https:\\\/\\\/immex.ca\\\/en\\\/contact-immex\\\/\",\"url\":\"https:\\\/\\\/immex.ca\\\/en\\\/contact-immex\\\/\",\"name\":\"Contact us - Immex Soci\u00e9t\u00e9 Immobili\u00e8re\",\"isPartOf\":{\"@id\":\"https:\\\/\\\/immex.ca\\\/#website\"},\"datePublished\":\"2013-11-26T21:55:44+00:00\",\"dateModified\":\"2021-09-07T19:09:21+00:00\",\"description\":\"Please contact our team for additional information about our space for lease.\",\"breadcrumb\":{\"@id\":\"https:\\\/\\\/immex.ca\\\/en\\\/contact-immex\\\/#breadcrumb\"},\"inLanguage\":\"en-US\",\"potentialAction\":[{\"@type\":\"ReadAction\",\"target\":[\"https:\\\/\\\/immex.ca\\\/en\\\/contact-immex\\\/\"]}]},{\"@type\":\"BreadcrumbList\",\"@id\":\"https:\\\/\\\/immex.ca\\\/en\\\/contact-immex\\\/#breadcrumb\",\"itemListElement\":[{\"@type\":\"ListItem\",\"position\":1,\"name\":\"Home\",\"item\":\"https:\\\/\\\/immex.ca\\\/en\\\/\"},{\"@type\":\"ListItem\",\"position\":2,\"name\":\"Contact us\"}]},{\"@type\":\"WebSite\",\"@id\":\"https:\\\/\\\/immex.ca\\\/#website\",\"url\":\"https:\\\/\\\/immex.ca\\\/\",\"name\":\"Immex Soci\u00e9t\u00e9 Immobili\u00e8re\",\"description\":\"\",\"potentialAction\":[{\"@type\":\"SearchAction\",\"target\":{\"@type\":\"EntryPoint\",\"urlTemplate\":\"https:\\\/\\\/immex.ca\\\/?s={search_term_string}\"},\"query-input\":{\"@type\":\"PropertyValueSpecification\",\"valueRequired\":true,\"valueName\":\"search_term_string\"}}],\"inLanguage\":\"en-US\"}]}<\/script>\n<!-- \/ Yoast SEO plugin. -->","yoast_head_json":{"title":"Contact us - Immex Soci\u00e9t\u00e9 Immobili\u00e8re","description":"Please contact our team for additional information about our space for lease.","robots":{"index":"index","follow":"follow","max-snippet":"max-snippet:-1","max-image-preview":"max-image-preview:large","max-video-preview":"max-video-preview:-1"},"canonical":"https:\/\/immex.ca\/en\/contact-immex\/","og_locale":"en_US","og_type":"article","og_title":"Contact us - Immex Soci\u00e9t\u00e9 Immobili\u00e8re","og_description":"Please contact our team for additional information about our space for lease.","og_url":"https:\/\/immex.ca\/en\/contact-immex\/","og_site_name":"Immex Soci\u00e9t\u00e9 Immobili\u00e8re","article_modified_time":"2021-09-07T19:09:21+00:00","schema":{"@context":"https:\/\/schema.org","@graph":[{"@type":"WebPage","@id":"https:\/\/immex.ca\/en\/contact-immex\/","url":"https:\/\/immex.ca\/en\/contact-immex\/","name":"Contact us - Immex Soci\u00e9t\u00e9 Immobili\u00e8re","isPartOf":{"@id":"https:\/\/immex.ca\/#website"},"datePublished":"2013-11-26T21:55:44+00:00","dateModified":"2021-09-07T19:09:21+00:00","description":"Please contact our team for additional information about our space for lease.","breadcrumb":{"@id":"https:\/\/immex.ca\/en\/contact-immex\/#breadcrumb"},"inLanguage":"en-US","potentialAction":[{"@type":"ReadAction","target":["https:\/\/immex.ca\/en\/contact-immex\/"]}]},{"@type":"BreadcrumbList","@id":"https:\/\/immex.ca\/en\/contact-immex\/#breadcrumb","itemListElement":[{"@type":"ListItem","position":1,"name":"Home","item":"https:\/\/immex.ca\/en\/"},{"@type":"ListItem","position":2,"name":"Contact us"}]},{"@type":"WebSite","@id":"https:\/\/immex.ca\/#website","url":"https:\/\/immex.ca\/","name":"Immex Soci\u00e9t\u00e9 Immobili\u00e8re","description":"","potentialAction":[{"@type":"SearchAction","target":{"@type":"EntryPoint","urlTemplate":"https:\/\/immex.ca\/?s={search_term_string}"},"query-input":{"@type":"PropertyValueSpecification","valueRequired":true,"valueName":"search_term_string"}}],"inLanguage":"en-US"}]}},"_links":{"self":[{"href":"https:\/\/immex.ca\/en\/wp-json\/wp\/v2\/pages\/255","targetHints":{"allow":["GET"]}}],"collection":[{"href":"https:\/\/immex.ca\/en\/wp-json\/wp\/v2\/pages"}],"about":[{"href":"https:\/\/immex.ca\/en\/wp-json\/wp\/v2\/types\/page"}],"author":[{"embeddable":true,"href":"https:\/\/immex.ca\/en\/wp-json\/wp\/v2\/users\/6396"}],"replies":[{"embeddable":true,"href":"https:\/\/immex.ca\/en\/wp-json\/wp\/v2\/comments?post=255"}],"version-history":[{"count":0,"href":"https:\/\/immex.ca\/en\/wp-json\/wp\/v2\/pages\/255\/revisions"}],"wp:attachment":[{"href":"https:\/\/immex.ca\/en\/wp-json\/wp\/v2\/media?parent=255"}],"curies":[{"name":"wp","href":"https:\/\/api.w.org\/{rel}","templated":true}]}}