{"id":2,"date":"2013-11-01T18:11:14","date_gmt":"2013-11-01T18:11:14","guid":{"rendered":"https:\/\/immex.ca\/?page_id=2"},"modified":"2019-01-24T11:37:49","modified_gmt":"2019-01-24T16:37:49","slug":"page-dexemple","status":"publish","type":"page","link":"https:\/\/immex.ca\/en\/","title":{"rendered":"Home"},"content":{"rendered":"<h1 class=\"redblack\"><span>IMMEX \/<\/span> Soci\u00e9t\u00e9 Immobili\u00e8re located in Sherbrooke<\/h1><div class=\"quotation\">Leader in real estate development and property management in Sherbrooke, IMMEX manages over thirty office, commercial and industrial properties. Due to its expertise in the field, IMMEX Soci\u00e9t\u00e9 Immobili\u00e8re is recognized for the quality of its services to its growing number of tenants.<\/div>\n","protected":false},"excerpt":{"rendered":"","protected":false},"author":6396,"featured_media":0,"parent":0,"menu_order":0,"comment_status":"open","ping_status":"closed","template":"page-template-homev2.php","meta":{"ngg_post_thumbnail":0,"footnotes":""},"class_list":["post-2","page","type-page","status-publish","hentry"],"yoast_head":"<!-- This site is optimized with the Yoast SEO plugin v27.3 - https:\/\/yoast.com\/product\/yoast-seo-wordpress\/ -->\n<title>Immex Soci\u00e9t\u00e9 Immobili\u00e8re - Commercial and office space for lease in Sherbrooke<\/title>\n<meta name=\"description\" content=\"Immex is a leader in real estate development and property management in Sherbrooke, managing over thirty office, commercial and industrial properties.\" \/>\n<meta name=\"robots\" content=\"index, follow, max-snippet:-1, max-image-preview:large, max-video-preview:-1\" \/>\n<link rel=\"canonical\" href=\"https:\/\/immex.ca\/en\/\" \/>\n<meta property=\"og:locale\" content=\"en_US\" \/>\n<meta property=\"og:type\" content=\"article\" \/>\n<meta property=\"og:title\" content=\"Immex Soci\u00e9t\u00e9 Immobili\u00e8re - Commercial and office space for lease in Sherbrooke\" \/>\n<meta property=\"og:description\" content=\"Immex is a leader in real estate development and property management in Sherbrooke, managing over thirty office, commercial and industrial properties.\" \/>\n<meta property=\"og:url\" content=\"https:\/\/immex.ca\/en\/\" \/>\n<meta property=\"og:site_name\" content=\"Immex Soci\u00e9t\u00e9 Immobili\u00e8re\" \/>\n<meta property=\"article:modified_time\" content=\"2019-01-24T16:37:49+00:00\" \/>\n<script type=\"application\/ld+json\" class=\"yoast-schema-graph\">{\"@context\":\"https:\\\/\\\/schema.org\",\"@graph\":[{\"@type\":\"WebPage\",\"@id\":\"https:\\\/\\\/immex.ca\\\/en\\\/\",\"url\":\"https:\\\/\\\/immex.ca\\\/en\\\/\",\"name\":\"Immex Soci\u00e9t\u00e9 Immobili\u00e8re - Commercial and office space for lease in Sherbrooke\",\"isPartOf\":{\"@id\":\"https:\\\/\\\/immex.ca\\\/#website\"},\"datePublished\":\"2013-11-01T18:11:14+00:00\",\"dateModified\":\"2019-01-24T16:37:49+00:00\",\"description\":\"Immex is a leader in real estate development and property management in Sherbrooke, managing over thirty office, commercial and industrial properties.\",\"breadcrumb\":{\"@id\":\"https:\\\/\\\/immex.ca\\\/en\\\/#breadcrumb\"},\"inLanguage\":\"en-US\",\"potentialAction\":[{\"@type\":\"ReadAction\",\"target\":[\"https:\\\/\\\/immex.ca\\\/en\\\/\"]}]},{\"@type\":\"BreadcrumbList\",\"@id\":\"https:\\\/\\\/immex.ca\\\/en\\\/#breadcrumb\",\"itemListElement\":[{\"@type\":\"ListItem\",\"position\":1,\"name\":\"Home\",\"item\":\"https:\\\/\\\/immex.ca\\\/en\\\/\"},{\"@type\":\"ListItem\",\"position\":2,\"name\":\"Home\"}]},{\"@type\":\"WebSite\",\"@id\":\"https:\\\/\\\/immex.ca\\\/#website\",\"url\":\"https:\\\/\\\/immex.ca\\\/\",\"name\":\"Immex Soci\u00e9t\u00e9 Immobili\u00e8re\",\"description\":\"\",\"potentialAction\":[{\"@type\":\"SearchAction\",\"target\":{\"@type\":\"EntryPoint\",\"urlTemplate\":\"https:\\\/\\\/immex.ca\\\/?s={search_term_string}\"},\"query-input\":{\"@type\":\"PropertyValueSpecification\",\"valueRequired\":true,\"valueName\":\"search_term_string\"}}],\"inLanguage\":\"en-US\"}]}<\/script>\n<!-- \/ Yoast SEO plugin. -->","yoast_head_json":{"title":"Immex Soci\u00e9t\u00e9 Immobili\u00e8re - Commercial and office space for lease in Sherbrooke","description":"Immex is a leader in real estate development and property management in Sherbrooke, managing over thirty office, commercial and industrial properties.","robots":{"index":"index","follow":"follow","max-snippet":"max-snippet:-1","max-image-preview":"max-image-preview:large","max-video-preview":"max-video-preview:-1"},"canonical":"https:\/\/immex.ca\/en\/","og_locale":"en_US","og_type":"article","og_title":"Immex Soci\u00e9t\u00e9 Immobili\u00e8re - Commercial and office space for lease in Sherbrooke","og_description":"Immex is a leader in real estate development and property management in Sherbrooke, managing over thirty office, commercial and industrial properties.","og_url":"https:\/\/immex.ca\/en\/","og_site_name":"Immex Soci\u00e9t\u00e9 Immobili\u00e8re","article_modified_time":"2019-01-24T16:37:49+00:00","schema":{"@context":"https:\/\/schema.org","@graph":[{"@type":"WebPage","@id":"https:\/\/immex.ca\/en\/","url":"https:\/\/immex.ca\/en\/","name":"Immex Soci\u00e9t\u00e9 Immobili\u00e8re - Commercial and office space for lease in Sherbrooke","isPartOf":{"@id":"https:\/\/immex.ca\/#website"},"datePublished":"2013-11-01T18:11:14+00:00","dateModified":"2019-01-24T16:37:49+00:00","description":"Immex is a leader in real estate development and property management in Sherbrooke, managing over thirty office, commercial and industrial properties.","breadcrumb":{"@id":"https:\/\/immex.ca\/en\/#breadcrumb"},"inLanguage":"en-US","potentialAction":[{"@type":"ReadAction","target":["https:\/\/immex.ca\/en\/"]}]},{"@type":"BreadcrumbList","@id":"https:\/\/immex.ca\/en\/#breadcrumb","itemListElement":[{"@type":"ListItem","position":1,"name":"Home","item":"https:\/\/immex.ca\/en\/"},{"@type":"ListItem","position":2,"name":"Home"}]},{"@type":"WebSite","@id":"https:\/\/immex.ca\/#website","url":"https:\/\/immex.ca\/","name":"Immex Soci\u00e9t\u00e9 Immobili\u00e8re","description":"","potentialAction":[{"@type":"SearchAction","target":{"@type":"EntryPoint","urlTemplate":"https:\/\/immex.ca\/?s={search_term_string}"},"query-input":{"@type":"PropertyValueSpecification","valueRequired":true,"valueName":"search_term_string"}}],"inLanguage":"en-US"}]}},"_links":{"self":[{"href":"https:\/\/immex.ca\/en\/wp-json\/wp\/v2\/pages\/2","targetHints":{"allow":["GET"]}}],"collection":[{"href":"https:\/\/immex.ca\/en\/wp-json\/wp\/v2\/pages"}],"about":[{"href":"https:\/\/immex.ca\/en\/wp-json\/wp\/v2\/types\/page"}],"author":[{"embeddable":true,"href":"https:\/\/immex.ca\/en\/wp-json\/wp\/v2\/users\/6396"}],"replies":[{"embeddable":true,"href":"https:\/\/immex.ca\/en\/wp-json\/wp\/v2\/comments?post=2"}],"version-history":[{"count":0,"href":"https:\/\/immex.ca\/en\/wp-json\/wp\/v2\/pages\/2\/revisions"}],"wp:attachment":[{"href":"https:\/\/immex.ca\/en\/wp-json\/wp\/v2\/media?parent=2"}],"curies":[{"name":"wp","href":"https:\/\/api.w.org\/{rel}","templated":true}]}}