{"id":119,"date":"2013-11-12T11:01:42","date_gmt":"2013-11-12T16:01:42","guid":{"rendered":"https:\/\/immex.ca\/?page_id=119"},"modified":"2013-11-12T11:01:59","modified_gmt":"2013-11-12T16:01:59","slug":"sitemap","status":"publish","type":"page","link":"https:\/\/immex.ca\/en\/sitemap\/","title":{"rendered":"Sitemap"},"content":{"rendered":"<div class=\"wsp-container\"><h2 class=\"wsp-pages-title\">Pages<\/h2>\n<ul class=\"wsp-pages-list\">\n<li class=\"page_item page-item-255\"><a href=\"https:\/\/immex.ca\/en\/contact-immex\/\">Contact us<\/a><\/li>\n<li class=\"page_item page-item-170\"><a href=\"https:\/\/immex.ca\/en\/lease\/\">For Lease<\/a><\/li>\n<li class=\"page_item page-item-2\"><a href=\"https:\/\/immex.ca\/en\/\">Home<\/a><\/li>\n<li class=\"page_item page-item-7 current_page_parent\"><a href=\"https:\/\/immex.ca\/en\/news\/\">News<\/a><\/li>\n<li class=\"page_item page-item-4965\"><a href=\"https:\/\/immex.ca\/en\/privacy-policy\/\">Privacy policy<\/a><\/li>\n<li class=\"page_item page-item-276\"><a href=\"https:\/\/immex.ca\/en\/property-portfolio\/\">Property Portfolio<\/a><\/li>\n<li class=\"page_item page-item-119\"><a href=\"https:\/\/immex.ca\/en\/sitemap\/\">Sitemap<\/a><\/li>\n<li class=\"page_item page-item-53\"><a href=\"https:\/\/immex.ca\/en\/tenant-services\/\">Tenant services<\/a><\/li>\n<li class=\"page_item page-item-280\"><a href=\"https:\/\/immex.ca\/en\/vacant-commercial-land\/\">Vacant commercial land<\/a><\/li>\n<li class=\"page_item page-item-49 page_item_has_children\"><a href=\"https:\/\/immex.ca\/en\/about-immex\/\">Why Immex Soci\u00e9t\u00e9 Immobili\u00e8re?<\/a>\n<ul class='children'>\n\t<li class=\"page_item page-item-110\"><a href=\"https:\/\/immex.ca\/en\/about-immex\/career-opportunities\/\">Career Opportunities<\/a><\/li>\n\t<li class=\"page_item page-item-112\"><a href=\"https:\/\/immex.ca\/en\/about-immex\/our-social-commitment\/\">Our Social Commitment<\/a><\/li>\n\t<li class=\"page_item page-item-117\"><a href=\"https:\/\/immex.ca\/en\/about-immex\/devoted-team\/\">Our team<\/a><\/li>\n<\/ul>\n<\/li>\n<\/ul>\n<h2 class=\"wsp-posts-title\">Posts by category<\/h2>\n<ul class=\"wsp-posts-list\">\n\t<li><strong class=\"wsp-category-title\">Category: <a href=\"https:\/\/immex.ca\/en\/category\/real-estate-project\/\">Real Estate Project<\/a><\/strong>\n<ul class=\"wsp-posts-list\">\t\t<li class=\"wsp-post\"><a href=\"https:\/\/immex.ca\/en\/new-building-project-for-promenades-king\/\">New building project for Promenades King<\/a><\/li>\n\t\t<li class=\"wsp-post\"><a href=\"https:\/\/immex.ca\/en\/more-fun-at-promenades-king-with-laser-game-evolution\/\">MORE FUN AT PROMENADES KING WITH LASER GAME EVOLUTION<\/a><\/li>\n\t\t<li class=\"wsp-post\"><a href=\"https:\/\/immex.ca\/en\/promenades-king-welcome-renaissance\/\">Promenades King welcome Renaissance<\/a><\/li>\n\t\t<li class=\"wsp-post\"><a href=\"https:\/\/immex.ca\/en\/starbucks-chooses-promenades-king\/\">Starbucks chooses les Promenades King<\/a><\/li>\n\t\t<li class=\"wsp-post\"><a href=\"https:\/\/immex.ca\/en\/new-players-at-promenades-king\/\">New players at Promenades King<\/a><\/li>\n\t\t<li class=\"wsp-post\"><a href=\"https:\/\/immex.ca\/en\/immex-buy-brp-distribution-center\/\">Immex acquires BRP distribution center<\/a><\/li>\n\t\t<li class=\"wsp-post\"><a href=\"https:\/\/immex.ca\/en\/brp-will-move-future-complexe-le-baron\/\">BRP will move into the future Complexe Le Baron<\/a><\/li>\n\t\t<li class=\"wsp-post\"><a href=\"https:\/\/immex.ca\/en\/structube-will-open-store-plateau-st-joseph\/\">Structube will open a store at Plateau St-Joseph<\/a><\/li>\n<\/ul><\/li>\n\t<li><strong class=\"wsp-category-title\">Category: <a href=\"https:\/\/immex.ca\/en\/category\/social-commitment\/\">Social commitment<\/a><\/strong>\n<ul class=\"wsp-posts-list\">\t\t<li class=\"wsp-post\"><a href=\"https:\/\/immex.ca\/en\/the-canadian-cancer-society-gala-grands-chefs-in-sherbrooke\/\">The Canadian Cancer Society\u2019 Gala des Grands Chefs in Sherbrooke<\/a><\/li>\n\t\t<li class=\"wsp-post\"><a href=\"https:\/\/immex.ca\/en\/a-major-face-lift-for-les-promenades-king\/\">A Major Face Lift for Les Promenades King<\/a><\/li>\n\t\t<li class=\"wsp-post\"><a href=\"https:\/\/immex.ca\/en\/immex-associated-coalition-sherbrookoise-pour-le-travail-de-rue\/\">Immex is associated with the Coalition sherbrookoise pour le travail de rue<\/a><\/li>\n\t\t<li class=\"wsp-post\"><a href=\"https:\/\/immex.ca\/en\/immex-proud-major-partner-envol-dinner\/\">Immex proud major partner of the Envol dinner<\/a><\/li>\n\t\t<li class=\"wsp-post\"><a href=\"https:\/\/immex.ca\/en\/immex-proud-partner-naissance-renaissance-2\/\">Immex, again proud to be a partner of Naissance Renaissance<\/a><\/li>\n\t\t<li class=\"wsp-post\"><a href=\"https:\/\/immex.ca\/en\/immex-proud-sponsor-recits-de-montagne\/\">Immex proud sponsor of the \u201cR\u00e9cits de montagne\u201d<\/a><\/li>\n\t\t<li class=\"wsp-post\"><a href=\"https:\/\/immex.ca\/en\/immex-associated-fonds-du-sport-du-loisir-sherbrookois\/\">Immex is associated with the \u201cFonds du sport et du loisir sherbrookois\u201d<\/a><\/li>\n\t\t<li class=\"wsp-post\"><a href=\"https:\/\/immex.ca\/en\/immex-proud-major-sponsor-gala-des-grands-chefs-eastern-townships\/\">Immex proud sponsor of the Eastern Townships &#8220;Gala des Grands Chefs&#8221;<\/a><\/li>\n\t\t<li class=\"wsp-post\"><a href=\"https:\/\/immex.ca\/en\/immex-proud-partner-panier-de-la-rentree\/\">Immex proud partner of the \u00abPanier de la rentr\u00e9e\u00bb<\/a><\/li>\n\t\t<li class=\"wsp-post\"><a href=\"https:\/\/immex.ca\/en\/immex-improves-services-offered-moisson-estrie\/\">IMMEX improves services offered at Moisson Estrie<\/a><\/li>\n\t\t<li class=\"wsp-post\"><a href=\"https:\/\/immex.ca\/en\/immex-proud-major-sponsor-envol-dinner\/\">Immex proud major sponsor of the Envol dinner<\/a><\/li>\n\t\t<li class=\"wsp-post\"><a href=\"https:\/\/immex.ca\/en\/immex-proud-partner-naissance-renaissance\/\">Immex is proud to be a partner of Naissance Renaissance<\/a><\/li>\n\t\t<li class=\"wsp-post\"><a href=\"https:\/\/immex.ca\/en\/fondation-rock-guertin-baskets-hope\/\">Immex Raises Funds for the Fondation Rock Guertin<\/a><\/li>\n\t\t<li class=\"wsp-post\"><a href=\"https:\/\/immex.ca\/en\/fondation-sante-globale-tales-mountains\/\">Emotions Ran High During the `R\u00e9cits de Montagne` Event 2013<\/a><\/li>\n<\/ul><\/li>\n<\/ul>\n<h2 class=\"wsp-batiments-title\">Buildings<\/h2>\n<ul class=\"wsp-batiments-list\">\n<li><a href=\"https:\/\/immex.ca\/en\/batiment\/75-107-boulevard-jacques-cartier-south\/\">75-107 Jacques-Cartier Boulevard South<\/a><\/li>\n<li><a href=\"https:\/\/immex.ca\/en\/batiment\/1900-1920-king-ouest\/\">1900-1920 King St. West<\/a><\/li>\n<li><a href=\"https:\/\/immex.ca\/en\/batiment\/1800-1836-king-ouest\/\">1800-1836 King St. West<\/a><\/li>\n<li><a href=\"https:\/\/immex.ca\/en\/batiment\/2207-rue-king-ouest-projet-en-developpementojet-en-developpement\/\">2207, King Street West<\/a><\/li>\n<li><a href=\"https:\/\/immex.ca\/en\/batiment\/2209-2347-king-street-west\/\">2209-2347,  King St. West<\/a><\/li>\n<li><a href=\"https:\/\/immex.ca\/en\/batiment\/promenades-king-2\/\">2227-2235,  King St. West (indoor mall)<\/a><\/li>\n<li><a href=\"https:\/\/immex.ca\/en\/batiment\/promenades-king\/\">2313,  King St. West (2nd floor)<\/a><\/li>\n<li><a href=\"https:\/\/immex.ca\/en\/batiment\/complexe-de-sante\/\">11-39, J.-A. Bombardier Street<\/br><\/a><\/li>\n<li><a href=\"https:\/\/immex.ca\/en\/batiment\/3200-b-king-st-west-building-2\/\">3200-B King St. West<\/a><\/li>\n<li><a href=\"https:\/\/immex.ca\/en\/batiment\/1811-1815-king-west\/\">1811-1815 King St. West<\/a><\/li>\n<li><a href=\"https:\/\/immex.ca\/en\/batiment\/3385-king-west\/\">3385 King St. West<\/a><\/li>\n<li><a href=\"https:\/\/immex.ca\/en\/batiment\/3375-king-west\/\">3375 King St. West<\/a><\/li>\n<li><a href=\"https:\/\/immex.ca\/en\/batiment\/3425-king-ouest\/\">3425 King St. West<\/a><\/li>\n<li><a href=\"https:\/\/immex.ca\/en\/batiment\/2665-king-west\/\">2665 King St. West<\/a><\/li>\n<li><a href=\"https:\/\/immex.ca\/en\/batiment\/2655-king-west\/\">2655 King St. West<\/a><\/li>\n<li><a href=\"https:\/\/immex.ca\/en\/batiment\/155-157-boul-jacques-cartier-sud\/\">155-157, Jacques-Cartier boulevard South<\/a><\/li>\n<li><a href=\"https:\/\/immex.ca\/en\/batiment\/240-leger\/\">240 Leger Street<\/a><\/li>\n<li><a href=\"https:\/\/immex.ca\/en\/batiment\/3600-boulevard-monseigneur-fortier\/\">3600, Monseigneur-Fortier Boulevard<\/a><\/li>\n<li><a href=\"https:\/\/immex.ca\/en\/batiment\/4155-boulevard-josaphat-rancourt\/\">4155, Josaphat Rancourt Boulevard<\/a><\/li>\n<li><a href=\"https:\/\/immex.ca\/en\/batiment\/1455-plateau-st-joseph\/\">1455 Plateau St-Joseph Boulevard<\/a><\/li>\n<li><a href=\"https:\/\/immex.ca\/en\/batiment\/2500-2532-king-west\/\">2500-2532 King St. West<\/a><\/li>\n<li><a href=\"https:\/\/immex.ca\/en\/batiment\/2727-king-west\/\">2727 King St. West<\/a><\/li>\n<li><a href=\"https:\/\/immex.ca\/en\/batiment\/3000-king-west\/\">3000 King St. West<\/a><\/li>\n<li><a href=\"https:\/\/immex.ca\/en\/batiment\/2960-2990-king-west\/\">2960-2990 King St. West<\/a><\/li>\n<li><a href=\"https:\/\/immex.ca\/en\/batiment\/3200-king-west\/\">3200-A King St. West<\/a><\/li>\n<li><a href=\"https:\/\/immex.ca\/en\/batiment\/3333-king-west\/\">3333 King St. West<\/a><\/li>\n<li><a href=\"https:\/\/immex.ca\/en\/batiment\/1845-king-west\/\">1845  King St. West<\/a><\/li>\n<li><a href=\"https:\/\/immex.ca\/en\/batiment\/35-rue-radisson\/\">35, Radisson Street<\/a><\/li>\n<li><a href=\"https:\/\/immex.ca\/en\/batiment\/45-rue-radisson\/\">45 Radisson Street<\/a><\/li>\n<li><a href=\"https:\/\/immex.ca\/en\/batiment\/3005-king-st-west\/\">3005, King St. West<\/a><\/li>\n<li><a href=\"https:\/\/immex.ca\/en\/batiment\/2325-king-west\/\">2325 King St. West<\/a><\/li>\n<li><a href=\"https:\/\/immex.ca\/en\/batiment\/2815-2819-king-west\/\">2815-2819 King St. West<\/a><\/li>\n<li><a href=\"https:\/\/immex.ca\/en\/batiment\/2745-2765-king-west\/\">2745-2765 King St. West<\/a><\/li>\n<li><a href=\"https:\/\/immex.ca\/en\/batiment\/70-quatre-pins-st\/\">70, des Quatre-Pins St.<\/a><\/li>\n<li><a href=\"https:\/\/immex.ca\/en\/batiment\/75-j-bombardier-street\/\">75 J.A. Bombardier Street<\/a><\/li>\n<li><a href=\"https:\/\/immex.ca\/en\/batiment\/230-leger\/\">230 Leger Street<\/a><\/li>\n<\/ul>\n<h2 class=\"wsp-complexes-title\">Complexes<\/h2>\n<ul class=\"wsp-complexes-list\">\n<li><a href=\"https:\/\/immex.ca\/en\/complexe\/cite-du-parc-sherbrooke\/\">Cit\u00e9 du Parc<\/a><\/li>\n<li><a href=\"https:\/\/immex.ca\/en\/complexe\/promenades-king\/\">Promenades King<\/a><\/li>\n<li><a href=\"https:\/\/immex.ca\/en\/complexe\/complexe-de-sante\/\">Complexe de la sant\u00e9<\/a><\/li>\n<li><a href=\"https:\/\/immex.ca\/en\/complexe\/complexe-le-baron-2\/\">Complexe Le Baron<\/a><\/li>\n<li><a href=\"https:\/\/immex.ca\/en\/complexe\/place-des-congres\/\">Place des congr\u00e8s<\/a><\/li>\n<li><a href=\"https:\/\/immex.ca\/en\/complexe\/king-radisson\/\">King-Radisson Campus<\/a><\/li>\n<li><a href=\"https:\/\/immex.ca\/en\/complexe\/plateau-st-joseph\/\">Plateau St-Joseph<\/a><\/li>\n<\/ul>\n<\/div>\n","protected":false},"excerpt":{"rendered":"","protected":false},"author":6396,"featured_media":0,"parent":0,"menu_order":0,"comment_status":"open","ping_status":"closed","template":"","meta":{"ngg_post_thumbnail":0,"footnotes":""},"class_list":["post-119","page","type-page","status-publish","hentry"],"yoast_head":"<!-- This site is optimized with the Yoast SEO plugin v27.4 - https:\/\/yoast.com\/product\/yoast-seo-wordpress\/ -->\n<title>Sitemap - Immex Soci\u00e9t\u00e9 Immobili\u00e8re<\/title>\n<meta name=\"robots\" content=\"index, follow, max-snippet:-1, max-image-preview:large, max-video-preview:-1\" \/>\n<link rel=\"canonical\" href=\"https:\/\/immex.ca\/en\/sitemap\/\" \/>\n<meta property=\"og:locale\" content=\"en_US\" \/>\n<meta property=\"og:type\" content=\"article\" \/>\n<meta property=\"og:title\" content=\"Sitemap - Immex Soci\u00e9t\u00e9 Immobili\u00e8re\" \/>\n<meta property=\"og:url\" content=\"https:\/\/immex.ca\/en\/sitemap\/\" \/>\n<meta property=\"og:site_name\" content=\"Immex Soci\u00e9t\u00e9 Immobili\u00e8re\" \/>\n<meta property=\"article:modified_time\" content=\"2013-11-12T16:01:59+00:00\" \/>\n<script type=\"application\/ld+json\" class=\"yoast-schema-graph\">{\"@context\":\"https:\\\/\\\/schema.org\",\"@graph\":[{\"@type\":\"WebPage\",\"@id\":\"https:\\\/\\\/immex.ca\\\/en\\\/sitemap\\\/\",\"url\":\"https:\\\/\\\/immex.ca\\\/en\\\/sitemap\\\/\",\"name\":\"Sitemap - Immex Soci\u00e9t\u00e9 Immobili\u00e8re\",\"isPartOf\":{\"@id\":\"https:\\\/\\\/immex.ca\\\/#website\"},\"datePublished\":\"2013-11-12T16:01:42+00:00\",\"dateModified\":\"2013-11-12T16:01:59+00:00\",\"breadcrumb\":{\"@id\":\"https:\\\/\\\/immex.ca\\\/en\\\/sitemap\\\/#breadcrumb\"},\"inLanguage\":\"en-US\",\"potentialAction\":[{\"@type\":\"ReadAction\",\"target\":[\"https:\\\/\\\/immex.ca\\\/en\\\/sitemap\\\/\"]}]},{\"@type\":\"BreadcrumbList\",\"@id\":\"https:\\\/\\\/immex.ca\\\/en\\\/sitemap\\\/#breadcrumb\",\"itemListElement\":[{\"@type\":\"ListItem\",\"position\":1,\"name\":\"Home\",\"item\":\"https:\\\/\\\/immex.ca\\\/en\\\/\"},{\"@type\":\"ListItem\",\"position\":2,\"name\":\"Sitemap\"}]},{\"@type\":\"WebSite\",\"@id\":\"https:\\\/\\\/immex.ca\\\/#website\",\"url\":\"https:\\\/\\\/immex.ca\\\/\",\"name\":\"Immex Soci\u00e9t\u00e9 Immobili\u00e8re\",\"description\":\"\",\"potentialAction\":[{\"@type\":\"SearchAction\",\"target\":{\"@type\":\"EntryPoint\",\"urlTemplate\":\"https:\\\/\\\/immex.ca\\\/?s={search_term_string}\"},\"query-input\":{\"@type\":\"PropertyValueSpecification\",\"valueRequired\":true,\"valueName\":\"search_term_string\"}}],\"inLanguage\":\"en-US\"}]}<\/script>\n<!-- \/ Yoast SEO plugin. -->","yoast_head_json":{"title":"Sitemap - Immex Soci\u00e9t\u00e9 Immobili\u00e8re","robots":{"index":"index","follow":"follow","max-snippet":"max-snippet:-1","max-image-preview":"max-image-preview:large","max-video-preview":"max-video-preview:-1"},"canonical":"https:\/\/immex.ca\/en\/sitemap\/","og_locale":"en_US","og_type":"article","og_title":"Sitemap - Immex Soci\u00e9t\u00e9 Immobili\u00e8re","og_url":"https:\/\/immex.ca\/en\/sitemap\/","og_site_name":"Immex Soci\u00e9t\u00e9 Immobili\u00e8re","article_modified_time":"2013-11-12T16:01:59+00:00","schema":{"@context":"https:\/\/schema.org","@graph":[{"@type":"WebPage","@id":"https:\/\/immex.ca\/en\/sitemap\/","url":"https:\/\/immex.ca\/en\/sitemap\/","name":"Sitemap - Immex Soci\u00e9t\u00e9 Immobili\u00e8re","isPartOf":{"@id":"https:\/\/immex.ca\/#website"},"datePublished":"2013-11-12T16:01:42+00:00","dateModified":"2013-11-12T16:01:59+00:00","breadcrumb":{"@id":"https:\/\/immex.ca\/en\/sitemap\/#breadcrumb"},"inLanguage":"en-US","potentialAction":[{"@type":"ReadAction","target":["https:\/\/immex.ca\/en\/sitemap\/"]}]},{"@type":"BreadcrumbList","@id":"https:\/\/immex.ca\/en\/sitemap\/#breadcrumb","itemListElement":[{"@type":"ListItem","position":1,"name":"Home","item":"https:\/\/immex.ca\/en\/"},{"@type":"ListItem","position":2,"name":"Sitemap"}]},{"@type":"WebSite","@id":"https:\/\/immex.ca\/#website","url":"https:\/\/immex.ca\/","name":"Immex Soci\u00e9t\u00e9 Immobili\u00e8re","description":"","potentialAction":[{"@type":"SearchAction","target":{"@type":"EntryPoint","urlTemplate":"https:\/\/immex.ca\/?s={search_term_string}"},"query-input":{"@type":"PropertyValueSpecification","valueRequired":true,"valueName":"search_term_string"}}],"inLanguage":"en-US"}]}},"_links":{"self":[{"href":"https:\/\/immex.ca\/en\/wp-json\/wp\/v2\/pages\/119","targetHints":{"allow":["GET"]}}],"collection":[{"href":"https:\/\/immex.ca\/en\/wp-json\/wp\/v2\/pages"}],"about":[{"href":"https:\/\/immex.ca\/en\/wp-json\/wp\/v2\/types\/page"}],"author":[{"embeddable":true,"href":"https:\/\/immex.ca\/en\/wp-json\/wp\/v2\/users\/6396"}],"replies":[{"embeddable":true,"href":"https:\/\/immex.ca\/en\/wp-json\/wp\/v2\/comments?post=119"}],"version-history":[{"count":0,"href":"https:\/\/immex.ca\/en\/wp-json\/wp\/v2\/pages\/119\/revisions"}],"wp:attachment":[{"href":"https:\/\/immex.ca\/en\/wp-json\/wp\/v2\/media?parent=119"}],"curies":[{"name":"wp","href":"https:\/\/api.w.org\/{rel}","templated":true}]}}