{"id":117,"date":"2013-11-12T10:51:00","date_gmt":"2013-11-12T15:51:00","guid":{"rendered":"https:\/\/immex.ca\/?page_id=117"},"modified":"2014-02-03T11:12:50","modified_gmt":"2014-02-03T16:12:50","slug":"devoted-team","status":"publish","type":"page","link":"https:\/\/immex.ca\/en\/about-immex\/devoted-team\/","title":{"rendered":"Our team"},"content":{"rendered":"<p>The IMMEX team can rely on more than 30 dedicated employees who are experienced in development, property management and building maintenance. Our qualified team is made up of project managers, builders and entrepreneurs.<\/p>\n<p>&nbsp;<\/p>\n<p>In addition, our maintenance and management team is available 24\/7 and provides a prompt follow-up with our tenants.<\/p>\n<p>&nbsp;<\/p>\n<p><strong>Our team is available for you!<\/strong><\/p>\n<p>Do not hesitate to contact us at 819-348-2222 or by email at:\u00a0<strong><a href=\"mailto:reception@immex.ca\">reception@immex.ca<\/a><\/strong><\/p>\n<p><span style=\"line-height: 1.8em;\">\u00a0<\/span><\/p>\n","protected":false},"excerpt":{"rendered":"<p>The IMMEX team can rely on more than 30 dedicated employees who are experienced in development, property management and building maintenance. Our qualified team is made up of project managers, builders and entrepreneurs. &nbsp; In addition, our maintenance and management&hellip; <a href=\"https:\/\/immex.ca\/en\/about-immex\/devoted-team\/\" class=\"more-link\">Continue Reading <span class=\"meta-nav\">&rarr;<\/span><\/a><\/p>\n","protected":false},"author":6396,"featured_media":0,"parent":49,"menu_order":0,"comment_status":"open","ping_status":"closed","template":"","meta":{"ngg_post_thumbnail":0,"footnotes":""},"class_list":["post-117","page","type-page","status-publish","hentry"],"yoast_head":"<!-- This site is optimized with the Yoast SEO plugin v27.3 - https:\/\/yoast.com\/product\/yoast-seo-wordpress\/ -->\n<title>Our team - Immex Soci\u00e9t\u00e9 Immobili\u00e8re<\/title>\n<meta name=\"description\" content=\"The IMMEX team can rely on more than 30 dedicated employees who are experienced in development, property management and building maintenance. Our\" \/>\n<meta name=\"robots\" content=\"index, follow, max-snippet:-1, max-image-preview:large, max-video-preview:-1\" \/>\n<link rel=\"canonical\" href=\"https:\/\/immex.ca\/en\/about-immex\/devoted-team\/\" \/>\n<meta property=\"og:locale\" content=\"en_US\" \/>\n<meta property=\"og:type\" content=\"article\" \/>\n<meta property=\"og:title\" content=\"Our team - Immex Soci\u00e9t\u00e9 Immobili\u00e8re\" \/>\n<meta property=\"og:description\" content=\"The IMMEX team can rely on more than 30 dedicated employees who are experienced in development, property management and building maintenance. Our\" \/>\n<meta property=\"og:url\" content=\"https:\/\/immex.ca\/en\/about-immex\/devoted-team\/\" \/>\n<meta property=\"og:site_name\" content=\"Immex Soci\u00e9t\u00e9 Immobili\u00e8re\" \/>\n<meta property=\"article:modified_time\" content=\"2014-02-03T16:12:50+00:00\" \/>\n<script type=\"application\/ld+json\" class=\"yoast-schema-graph\">{\"@context\":\"https:\\\/\\\/schema.org\",\"@graph\":[{\"@type\":\"WebPage\",\"@id\":\"https:\\\/\\\/immex.ca\\\/en\\\/about-immex\\\/devoted-team\\\/\",\"url\":\"https:\\\/\\\/immex.ca\\\/en\\\/about-immex\\\/devoted-team\\\/\",\"name\":\"Our team - Immex Soci\u00e9t\u00e9 Immobili\u00e8re\",\"isPartOf\":{\"@id\":\"https:\\\/\\\/immex.ca\\\/#website\"},\"datePublished\":\"2013-11-12T15:51:00+00:00\",\"dateModified\":\"2014-02-03T16:12:50+00:00\",\"description\":\"The IMMEX team can rely on more than 30 dedicated employees who are experienced in development, property management and building maintenance. Our\",\"breadcrumb\":{\"@id\":\"https:\\\/\\\/immex.ca\\\/en\\\/about-immex\\\/devoted-team\\\/#breadcrumb\"},\"inLanguage\":\"en-US\",\"potentialAction\":[{\"@type\":\"ReadAction\",\"target\":[\"https:\\\/\\\/immex.ca\\\/en\\\/about-immex\\\/devoted-team\\\/\"]}]},{\"@type\":\"BreadcrumbList\",\"@id\":\"https:\\\/\\\/immex.ca\\\/en\\\/about-immex\\\/devoted-team\\\/#breadcrumb\",\"itemListElement\":[{\"@type\":\"ListItem\",\"position\":1,\"name\":\"Home\",\"item\":\"https:\\\/\\\/immex.ca\\\/en\\\/\"},{\"@type\":\"ListItem\",\"position\":2,\"name\":\"Why Immex Soci\u00e9t\u00e9 Immobili\u00e8re?\",\"item\":\"https:\\\/\\\/immex.ca\\\/en\\\/about-immex\\\/\"},{\"@type\":\"ListItem\",\"position\":3,\"name\":\"Our team\"}]},{\"@type\":\"WebSite\",\"@id\":\"https:\\\/\\\/immex.ca\\\/#website\",\"url\":\"https:\\\/\\\/immex.ca\\\/\",\"name\":\"Immex Soci\u00e9t\u00e9 Immobili\u00e8re\",\"description\":\"\",\"potentialAction\":[{\"@type\":\"SearchAction\",\"target\":{\"@type\":\"EntryPoint\",\"urlTemplate\":\"https:\\\/\\\/immex.ca\\\/?s={search_term_string}\"},\"query-input\":{\"@type\":\"PropertyValueSpecification\",\"valueRequired\":true,\"valueName\":\"search_term_string\"}}],\"inLanguage\":\"en-US\"}]}<\/script>\n<!-- \/ Yoast SEO plugin. -->","yoast_head_json":{"title":"Our team - Immex Soci\u00e9t\u00e9 Immobili\u00e8re","description":"The IMMEX team can rely on more than 30 dedicated employees who are experienced in development, property management and building maintenance. Our","robots":{"index":"index","follow":"follow","max-snippet":"max-snippet:-1","max-image-preview":"max-image-preview:large","max-video-preview":"max-video-preview:-1"},"canonical":"https:\/\/immex.ca\/en\/about-immex\/devoted-team\/","og_locale":"en_US","og_type":"article","og_title":"Our team - Immex Soci\u00e9t\u00e9 Immobili\u00e8re","og_description":"The IMMEX team can rely on more than 30 dedicated employees who are experienced in development, property management and building maintenance. Our","og_url":"https:\/\/immex.ca\/en\/about-immex\/devoted-team\/","og_site_name":"Immex Soci\u00e9t\u00e9 Immobili\u00e8re","article_modified_time":"2014-02-03T16:12:50+00:00","schema":{"@context":"https:\/\/schema.org","@graph":[{"@type":"WebPage","@id":"https:\/\/immex.ca\/en\/about-immex\/devoted-team\/","url":"https:\/\/immex.ca\/en\/about-immex\/devoted-team\/","name":"Our team - Immex Soci\u00e9t\u00e9 Immobili\u00e8re","isPartOf":{"@id":"https:\/\/immex.ca\/#website"},"datePublished":"2013-11-12T15:51:00+00:00","dateModified":"2014-02-03T16:12:50+00:00","description":"The IMMEX team can rely on more than 30 dedicated employees who are experienced in development, property management and building maintenance. Our","breadcrumb":{"@id":"https:\/\/immex.ca\/en\/about-immex\/devoted-team\/#breadcrumb"},"inLanguage":"en-US","potentialAction":[{"@type":"ReadAction","target":["https:\/\/immex.ca\/en\/about-immex\/devoted-team\/"]}]},{"@type":"BreadcrumbList","@id":"https:\/\/immex.ca\/en\/about-immex\/devoted-team\/#breadcrumb","itemListElement":[{"@type":"ListItem","position":1,"name":"Home","item":"https:\/\/immex.ca\/en\/"},{"@type":"ListItem","position":2,"name":"Why Immex Soci\u00e9t\u00e9 Immobili\u00e8re?","item":"https:\/\/immex.ca\/en\/about-immex\/"},{"@type":"ListItem","position":3,"name":"Our team"}]},{"@type":"WebSite","@id":"https:\/\/immex.ca\/#website","url":"https:\/\/immex.ca\/","name":"Immex Soci\u00e9t\u00e9 Immobili\u00e8re","description":"","potentialAction":[{"@type":"SearchAction","target":{"@type":"EntryPoint","urlTemplate":"https:\/\/immex.ca\/?s={search_term_string}"},"query-input":{"@type":"PropertyValueSpecification","valueRequired":true,"valueName":"search_term_string"}}],"inLanguage":"en-US"}]}},"_links":{"self":[{"href":"https:\/\/immex.ca\/en\/wp-json\/wp\/v2\/pages\/117","targetHints":{"allow":["GET"]}}],"collection":[{"href":"https:\/\/immex.ca\/en\/wp-json\/wp\/v2\/pages"}],"about":[{"href":"https:\/\/immex.ca\/en\/wp-json\/wp\/v2\/types\/page"}],"author":[{"embeddable":true,"href":"https:\/\/immex.ca\/en\/wp-json\/wp\/v2\/users\/6396"}],"replies":[{"embeddable":true,"href":"https:\/\/immex.ca\/en\/wp-json\/wp\/v2\/comments?post=117"}],"version-history":[{"count":0,"href":"https:\/\/immex.ca\/en\/wp-json\/wp\/v2\/pages\/117\/revisions"}],"up":[{"embeddable":true,"href":"https:\/\/immex.ca\/en\/wp-json\/wp\/v2\/pages\/49"}],"wp:attachment":[{"href":"https:\/\/immex.ca\/en\/wp-json\/wp\/v2\/media?parent=117"}],"curies":[{"name":"wp","href":"https:\/\/api.w.org\/{rel}","templated":true}]}}