{"id":112,"date":"2013-11-12T10:49:14","date_gmt":"2013-11-12T15:49:14","guid":{"rendered":"https:\/\/immex.ca\/?page_id=112"},"modified":"2026-02-12T14:51:37","modified_gmt":"2026-02-12T19:51:37","slug":"our-social-commitment","status":"publish","type":"page","link":"https:\/\/immex.ca\/en\/about-immex\/our-social-commitment\/","title":{"rendered":"Our Social Commitment"},"content":{"rendered":"<p>IMMEX Soci\u00e9t\u00e9 Immobili\u00e8re continues to build on its proud tradition of community involvement by supporting various local organizations every year.<\/p>\n","protected":false},"excerpt":{"rendered":"<p>IMMEX Soci\u00e9t\u00e9 Immobili\u00e8re continues to build on its proud tradition of community involvement by supporting various local organizations every year.<\/p>\n","protected":false},"author":6396,"featured_media":1125,"parent":49,"menu_order":0,"comment_status":"open","ping_status":"closed","template":"page-template-implications.php","meta":{"ngg_post_thumbnail":0,"footnotes":""},"class_list":["post-112","page","type-page","status-publish","has-post-thumbnail","hentry"],"yoast_head":"<!-- This site is optimized with the Yoast SEO plugin v27.5 - https:\/\/yoast.com\/product\/yoast-seo-wordpress\/ -->\n<title>Our Social Commitment - Immex Soci\u00e9t\u00e9 Immobili\u00e8re<\/title>\n<meta name=\"description\" content=\"IMMEX Soci\u00e9t\u00e9 Immobili\u00e8re continues to build on its proud tradition of community involvement by supporting various local organizations every year.\" \/>\n<meta name=\"robots\" content=\"index, follow, max-snippet:-1, max-image-preview:large, max-video-preview:-1\" \/>\n<link rel=\"canonical\" href=\"https:\/\/immex.ca\/en\/about-immex\/our-social-commitment\/\" \/>\n<meta property=\"og:locale\" content=\"en_US\" \/>\n<meta property=\"og:type\" content=\"article\" \/>\n<meta property=\"og:title\" content=\"Our Social Commitment - Immex Soci\u00e9t\u00e9 Immobili\u00e8re\" \/>\n<meta property=\"og:description\" content=\"IMMEX Soci\u00e9t\u00e9 Immobili\u00e8re continues to build on its proud tradition of community involvement by supporting various local organizations every year.\" \/>\n<meta property=\"og:url\" content=\"https:\/\/immex.ca\/en\/about-immex\/our-social-commitment\/\" \/>\n<meta property=\"og:site_name\" content=\"Immex Soci\u00e9t\u00e9 Immobili\u00e8re\" \/>\n<meta property=\"article:modified_time\" content=\"2026-02-12T19:51:37+00:00\" \/>\n<meta property=\"og:image\" content=\"https:\/\/immex.ca\/wp-content\/uploads\/2013\/11\/main.jpg\" \/>\n\t<meta property=\"og:image:width\" content=\"1280\" \/>\n\t<meta property=\"og:image:height\" content=\"475\" \/>\n\t<meta property=\"og:image:type\" content=\"image\/jpeg\" \/>\n<meta name=\"twitter:label1\" content=\"Est. reading time\" \/>\n\t<meta name=\"twitter:data1\" content=\"2 minutes\" \/>\n<script type=\"application\/ld+json\" class=\"yoast-schema-graph\">{\"@context\":\"https:\\\/\\\/schema.org\",\"@graph\":[{\"@type\":\"WebPage\",\"@id\":\"https:\\\/\\\/immex.ca\\\/en\\\/about-immex\\\/our-social-commitment\\\/\",\"url\":\"https:\\\/\\\/immex.ca\\\/en\\\/about-immex\\\/our-social-commitment\\\/\",\"name\":\"Our Social Commitment - Immex Soci\u00e9t\u00e9 Immobili\u00e8re\",\"isPartOf\":{\"@id\":\"https:\\\/\\\/immex.ca\\\/#website\"},\"primaryImageOfPage\":{\"@id\":\"https:\\\/\\\/immex.ca\\\/en\\\/about-immex\\\/our-social-commitment\\\/#primaryimage\"},\"image\":{\"@id\":\"https:\\\/\\\/immex.ca\\\/en\\\/about-immex\\\/our-social-commitment\\\/#primaryimage\"},\"thumbnailUrl\":\"https:\\\/\\\/immex.ca\\\/wp-content\\\/uploads\\\/2013\\\/11\\\/main.jpg\",\"datePublished\":\"2013-11-12T15:49:14+00:00\",\"dateModified\":\"2026-02-12T19:51:37+00:00\",\"description\":\"IMMEX Soci\u00e9t\u00e9 Immobili\u00e8re continues to build on its proud tradition of community involvement by supporting various local organizations every year.\",\"breadcrumb\":{\"@id\":\"https:\\\/\\\/immex.ca\\\/en\\\/about-immex\\\/our-social-commitment\\\/#breadcrumb\"},\"inLanguage\":\"en-US\",\"potentialAction\":[{\"@type\":\"ReadAction\",\"target\":[\"https:\\\/\\\/immex.ca\\\/en\\\/about-immex\\\/our-social-commitment\\\/\"]}]},{\"@type\":\"ImageObject\",\"inLanguage\":\"en-US\",\"@id\":\"https:\\\/\\\/immex.ca\\\/en\\\/about-immex\\\/our-social-commitment\\\/#primaryimage\",\"url\":\"https:\\\/\\\/immex.ca\\\/wp-content\\\/uploads\\\/2013\\\/11\\\/main.jpg\",\"contentUrl\":\"https:\\\/\\\/immex.ca\\\/wp-content\\\/uploads\\\/2013\\\/11\\\/main.jpg\",\"width\":1280,\"height\":475},{\"@type\":\"BreadcrumbList\",\"@id\":\"https:\\\/\\\/immex.ca\\\/en\\\/about-immex\\\/our-social-commitment\\\/#breadcrumb\",\"itemListElement\":[{\"@type\":\"ListItem\",\"position\":1,\"name\":\"Home\",\"item\":\"https:\\\/\\\/immex.ca\\\/en\\\/\"},{\"@type\":\"ListItem\",\"position\":2,\"name\":\"Why Immex Soci\u00e9t\u00e9 Immobili\u00e8re?\",\"item\":\"https:\\\/\\\/immex.ca\\\/en\\\/about-immex\\\/\"},{\"@type\":\"ListItem\",\"position\":3,\"name\":\"Our Social Commitment\"}]},{\"@type\":\"WebSite\",\"@id\":\"https:\\\/\\\/immex.ca\\\/#website\",\"url\":\"https:\\\/\\\/immex.ca\\\/\",\"name\":\"Immex Soci\u00e9t\u00e9 Immobili\u00e8re\",\"description\":\"\",\"potentialAction\":[{\"@type\":\"SearchAction\",\"target\":{\"@type\":\"EntryPoint\",\"urlTemplate\":\"https:\\\/\\\/immex.ca\\\/?s={search_term_string}\"},\"query-input\":{\"@type\":\"PropertyValueSpecification\",\"valueRequired\":true,\"valueName\":\"search_term_string\"}}],\"inLanguage\":\"en-US\"}]}<\/script>\n<!-- \/ Yoast SEO plugin. -->","yoast_head_json":{"title":"Our Social Commitment - Immex Soci\u00e9t\u00e9 Immobili\u00e8re","description":"IMMEX Soci\u00e9t\u00e9 Immobili\u00e8re continues to build on its proud tradition of community involvement by supporting various local organizations every year.","robots":{"index":"index","follow":"follow","max-snippet":"max-snippet:-1","max-image-preview":"max-image-preview:large","max-video-preview":"max-video-preview:-1"},"canonical":"https:\/\/immex.ca\/en\/about-immex\/our-social-commitment\/","og_locale":"en_US","og_type":"article","og_title":"Our Social Commitment - Immex Soci\u00e9t\u00e9 Immobili\u00e8re","og_description":"IMMEX Soci\u00e9t\u00e9 Immobili\u00e8re continues to build on its proud tradition of community involvement by supporting various local organizations every year.","og_url":"https:\/\/immex.ca\/en\/about-immex\/our-social-commitment\/","og_site_name":"Immex Soci\u00e9t\u00e9 Immobili\u00e8re","article_modified_time":"2026-02-12T19:51:37+00:00","og_image":[{"width":1280,"height":475,"url":"https:\/\/immex.ca\/wp-content\/uploads\/2013\/11\/main.jpg","type":"image\/jpeg"}],"twitter_misc":{"Est. reading time":"2 minutes"},"schema":{"@context":"https:\/\/schema.org","@graph":[{"@type":"WebPage","@id":"https:\/\/immex.ca\/en\/about-immex\/our-social-commitment\/","url":"https:\/\/immex.ca\/en\/about-immex\/our-social-commitment\/","name":"Our Social Commitment - Immex Soci\u00e9t\u00e9 Immobili\u00e8re","isPartOf":{"@id":"https:\/\/immex.ca\/#website"},"primaryImageOfPage":{"@id":"https:\/\/immex.ca\/en\/about-immex\/our-social-commitment\/#primaryimage"},"image":{"@id":"https:\/\/immex.ca\/en\/about-immex\/our-social-commitment\/#primaryimage"},"thumbnailUrl":"https:\/\/immex.ca\/wp-content\/uploads\/2013\/11\/main.jpg","datePublished":"2013-11-12T15:49:14+00:00","dateModified":"2026-02-12T19:51:37+00:00","description":"IMMEX Soci\u00e9t\u00e9 Immobili\u00e8re continues to build on its proud tradition of community involvement by supporting various local organizations every year.","breadcrumb":{"@id":"https:\/\/immex.ca\/en\/about-immex\/our-social-commitment\/#breadcrumb"},"inLanguage":"en-US","potentialAction":[{"@type":"ReadAction","target":["https:\/\/immex.ca\/en\/about-immex\/our-social-commitment\/"]}]},{"@type":"ImageObject","inLanguage":"en-US","@id":"https:\/\/immex.ca\/en\/about-immex\/our-social-commitment\/#primaryimage","url":"https:\/\/immex.ca\/wp-content\/uploads\/2013\/11\/main.jpg","contentUrl":"https:\/\/immex.ca\/wp-content\/uploads\/2013\/11\/main.jpg","width":1280,"height":475},{"@type":"BreadcrumbList","@id":"https:\/\/immex.ca\/en\/about-immex\/our-social-commitment\/#breadcrumb","itemListElement":[{"@type":"ListItem","position":1,"name":"Home","item":"https:\/\/immex.ca\/en\/"},{"@type":"ListItem","position":2,"name":"Why Immex Soci\u00e9t\u00e9 Immobili\u00e8re?","item":"https:\/\/immex.ca\/en\/about-immex\/"},{"@type":"ListItem","position":3,"name":"Our Social Commitment"}]},{"@type":"WebSite","@id":"https:\/\/immex.ca\/#website","url":"https:\/\/immex.ca\/","name":"Immex Soci\u00e9t\u00e9 Immobili\u00e8re","description":"","potentialAction":[{"@type":"SearchAction","target":{"@type":"EntryPoint","urlTemplate":"https:\/\/immex.ca\/?s={search_term_string}"},"query-input":{"@type":"PropertyValueSpecification","valueRequired":true,"valueName":"search_term_string"}}],"inLanguage":"en-US"}]}},"_links":{"self":[{"href":"https:\/\/immex.ca\/en\/wp-json\/wp\/v2\/pages\/112","targetHints":{"allow":["GET"]}}],"collection":[{"href":"https:\/\/immex.ca\/en\/wp-json\/wp\/v2\/pages"}],"about":[{"href":"https:\/\/immex.ca\/en\/wp-json\/wp\/v2\/types\/page"}],"author":[{"embeddable":true,"href":"https:\/\/immex.ca\/en\/wp-json\/wp\/v2\/users\/6396"}],"replies":[{"embeddable":true,"href":"https:\/\/immex.ca\/en\/wp-json\/wp\/v2\/comments?post=112"}],"version-history":[{"count":0,"href":"https:\/\/immex.ca\/en\/wp-json\/wp\/v2\/pages\/112\/revisions"}],"up":[{"embeddable":true,"href":"https:\/\/immex.ca\/en\/wp-json\/wp\/v2\/pages\/49"}],"wp:featuredmedia":[{"embeddable":true,"href":"https:\/\/immex.ca\/en\/wp-json\/wp\/v2\/media\/1125"}],"wp:attachment":[{"href":"https:\/\/immex.ca\/en\/wp-json\/wp\/v2\/media?parent=112"}],"curies":[{"name":"wp","href":"https:\/\/api.w.org\/{rel}","templated":true}]}}