{"id":110,"date":"2013-11-12T10:48:54","date_gmt":"2013-11-12T15:48:54","guid":{"rendered":"https:\/\/immex.ca\/?page_id=110"},"modified":"2014-04-07T16:25:04","modified_gmt":"2014-04-07T20:25:04","slug":"career-opportunities","status":"publish","type":"page","link":"https:\/\/immex.ca\/en\/about-immex\/career-opportunities\/","title":{"rendered":"Career Opportunities"},"content":{"rendered":"<p>IMMEX Soci\u00e9t\u00e9 Immobili\u00e8re has acquired a solid reputation through the expertise and knowledge of its employees.The company, which is considered a leader in real estate development and property management, is continually seeking candidates who are passionate about their work and who have the desire to grow within a dynamic team.<\/p>\n<p>&nbsp;<\/p>\n<p>We value employees who contribute to the achievement of our objectives by exceeding all standards of efficiency and quality.<\/p>\n<p>&nbsp;<\/p>\n<p><span style=\"line-height: 1.8em;\"><div class=\"well well-md\">\n<p>To apply for one of the advertised positions, please send your resume to the following address:\u00a0:<\/p>\n<p><strong>95 boulevard Jacques Cartier Sud,<br \/>bureau 500, Sherbrooke, <br \/>Qu\u00e9bec, J1J 2Z3<\/strong><\/p>\n<p>Or send it by email to:\u00a0<strong><a href=\"mailto:reception@immex.ca\">reception@immex.ca<\/a><\/strong><\/p>\n<\/div>\n","protected":false},"excerpt":{"rendered":"<p>IMMEX Soci\u00e9t\u00e9 Immobili\u00e8re has acquired a solid reputation through the expertise and knowledge of its employees.The company, which is considered a leader in real estate development and property management, is continually seeking candidates who are passionate about their work and&hellip; <a href=\"https:\/\/immex.ca\/en\/about-immex\/career-opportunities\/\" class=\"more-link\">Continue Reading <span class=\"meta-nav\">&rarr;<\/span><\/a><\/p>\n","protected":false},"author":6396,"featured_media":0,"parent":49,"menu_order":0,"comment_status":"open","ping_status":"closed","template":"","meta":{"ngg_post_thumbnail":0,"footnotes":""},"class_list":["post-110","page","type-page","status-publish","hentry"],"yoast_head":"<!-- This site is optimized with the Yoast SEO plugin v27.3 - https:\/\/yoast.com\/product\/yoast-seo-wordpress\/ -->\n<title>Career Opportunities - Immex Soci\u00e9t\u00e9 Immobili\u00e8re<\/title>\n<meta name=\"description\" content=\"IMMEX Soci\u00e9t\u00e9 Immobili\u00e8re has acquired a solid reputation through the expertise and knowledge of its employees.The company, which is considered a leader\" \/>\n<meta name=\"robots\" content=\"index, follow, max-snippet:-1, max-image-preview:large, max-video-preview:-1\" \/>\n<link rel=\"canonical\" href=\"https:\/\/immex.ca\/en\/about-immex\/career-opportunities\/\" \/>\n<meta property=\"og:locale\" content=\"en_US\" \/>\n<meta property=\"og:type\" content=\"article\" \/>\n<meta property=\"og:title\" content=\"Career Opportunities - Immex Soci\u00e9t\u00e9 Immobili\u00e8re\" \/>\n<meta property=\"og:description\" content=\"IMMEX Soci\u00e9t\u00e9 Immobili\u00e8re has acquired a solid reputation through the expertise and knowledge of its employees.The company, which is considered a leader\" \/>\n<meta property=\"og:url\" content=\"https:\/\/immex.ca\/en\/about-immex\/career-opportunities\/\" \/>\n<meta property=\"og:site_name\" content=\"Immex Soci\u00e9t\u00e9 Immobili\u00e8re\" \/>\n<meta property=\"article:modified_time\" content=\"2014-04-07T20:25:04+00:00\" \/>\n<meta name=\"twitter:label1\" content=\"Est. reading time\" \/>\n\t<meta name=\"twitter:data1\" content=\"1 minute\" \/>\n<script type=\"application\/ld+json\" class=\"yoast-schema-graph\">{\"@context\":\"https:\\\/\\\/schema.org\",\"@graph\":[{\"@type\":\"WebPage\",\"@id\":\"https:\\\/\\\/immex.ca\\\/en\\\/about-immex\\\/career-opportunities\\\/\",\"url\":\"https:\\\/\\\/immex.ca\\\/en\\\/about-immex\\\/career-opportunities\\\/\",\"name\":\"Career Opportunities - Immex Soci\u00e9t\u00e9 Immobili\u00e8re\",\"isPartOf\":{\"@id\":\"https:\\\/\\\/immex.ca\\\/#website\"},\"datePublished\":\"2013-11-12T15:48:54+00:00\",\"dateModified\":\"2014-04-07T20:25:04+00:00\",\"description\":\"IMMEX Soci\u00e9t\u00e9 Immobili\u00e8re has acquired a solid reputation through the expertise and knowledge of its employees.The company, which is considered a leader\",\"breadcrumb\":{\"@id\":\"https:\\\/\\\/immex.ca\\\/en\\\/about-immex\\\/career-opportunities\\\/#breadcrumb\"},\"inLanguage\":\"en-US\",\"potentialAction\":[{\"@type\":\"ReadAction\",\"target\":[\"https:\\\/\\\/immex.ca\\\/en\\\/about-immex\\\/career-opportunities\\\/\"]}]},{\"@type\":\"BreadcrumbList\",\"@id\":\"https:\\\/\\\/immex.ca\\\/en\\\/about-immex\\\/career-opportunities\\\/#breadcrumb\",\"itemListElement\":[{\"@type\":\"ListItem\",\"position\":1,\"name\":\"Home\",\"item\":\"https:\\\/\\\/immex.ca\\\/en\\\/\"},{\"@type\":\"ListItem\",\"position\":2,\"name\":\"Why Immex Soci\u00e9t\u00e9 Immobili\u00e8re?\",\"item\":\"https:\\\/\\\/immex.ca\\\/en\\\/about-immex\\\/\"},{\"@type\":\"ListItem\",\"position\":3,\"name\":\"Career Opportunities\"}]},{\"@type\":\"WebSite\",\"@id\":\"https:\\\/\\\/immex.ca\\\/#website\",\"url\":\"https:\\\/\\\/immex.ca\\\/\",\"name\":\"Immex Soci\u00e9t\u00e9 Immobili\u00e8re\",\"description\":\"\",\"potentialAction\":[{\"@type\":\"SearchAction\",\"target\":{\"@type\":\"EntryPoint\",\"urlTemplate\":\"https:\\\/\\\/immex.ca\\\/?s={search_term_string}\"},\"query-input\":{\"@type\":\"PropertyValueSpecification\",\"valueRequired\":true,\"valueName\":\"search_term_string\"}}],\"inLanguage\":\"en-US\"}]}<\/script>\n<!-- \/ Yoast SEO plugin. -->","yoast_head_json":{"title":"Career Opportunities - Immex Soci\u00e9t\u00e9 Immobili\u00e8re","description":"IMMEX Soci\u00e9t\u00e9 Immobili\u00e8re has acquired a solid reputation through the expertise and knowledge of its employees.The company, which is considered a leader","robots":{"index":"index","follow":"follow","max-snippet":"max-snippet:-1","max-image-preview":"max-image-preview:large","max-video-preview":"max-video-preview:-1"},"canonical":"https:\/\/immex.ca\/en\/about-immex\/career-opportunities\/","og_locale":"en_US","og_type":"article","og_title":"Career Opportunities - Immex Soci\u00e9t\u00e9 Immobili\u00e8re","og_description":"IMMEX Soci\u00e9t\u00e9 Immobili\u00e8re has acquired a solid reputation through the expertise and knowledge of its employees.The company, which is considered a leader","og_url":"https:\/\/immex.ca\/en\/about-immex\/career-opportunities\/","og_site_name":"Immex Soci\u00e9t\u00e9 Immobili\u00e8re","article_modified_time":"2014-04-07T20:25:04+00:00","twitter_misc":{"Est. reading time":"1 minute"},"schema":{"@context":"https:\/\/schema.org","@graph":[{"@type":"WebPage","@id":"https:\/\/immex.ca\/en\/about-immex\/career-opportunities\/","url":"https:\/\/immex.ca\/en\/about-immex\/career-opportunities\/","name":"Career Opportunities - Immex Soci\u00e9t\u00e9 Immobili\u00e8re","isPartOf":{"@id":"https:\/\/immex.ca\/#website"},"datePublished":"2013-11-12T15:48:54+00:00","dateModified":"2014-04-07T20:25:04+00:00","description":"IMMEX Soci\u00e9t\u00e9 Immobili\u00e8re has acquired a solid reputation through the expertise and knowledge of its employees.The company, which is considered a leader","breadcrumb":{"@id":"https:\/\/immex.ca\/en\/about-immex\/career-opportunities\/#breadcrumb"},"inLanguage":"en-US","potentialAction":[{"@type":"ReadAction","target":["https:\/\/immex.ca\/en\/about-immex\/career-opportunities\/"]}]},{"@type":"BreadcrumbList","@id":"https:\/\/immex.ca\/en\/about-immex\/career-opportunities\/#breadcrumb","itemListElement":[{"@type":"ListItem","position":1,"name":"Home","item":"https:\/\/immex.ca\/en\/"},{"@type":"ListItem","position":2,"name":"Why Immex Soci\u00e9t\u00e9 Immobili\u00e8re?","item":"https:\/\/immex.ca\/en\/about-immex\/"},{"@type":"ListItem","position":3,"name":"Career Opportunities"}]},{"@type":"WebSite","@id":"https:\/\/immex.ca\/#website","url":"https:\/\/immex.ca\/","name":"Immex Soci\u00e9t\u00e9 Immobili\u00e8re","description":"","potentialAction":[{"@type":"SearchAction","target":{"@type":"EntryPoint","urlTemplate":"https:\/\/immex.ca\/?s={search_term_string}"},"query-input":{"@type":"PropertyValueSpecification","valueRequired":true,"valueName":"search_term_string"}}],"inLanguage":"en-US"}]}},"_links":{"self":[{"href":"https:\/\/immex.ca\/en\/wp-json\/wp\/v2\/pages\/110","targetHints":{"allow":["GET"]}}],"collection":[{"href":"https:\/\/immex.ca\/en\/wp-json\/wp\/v2\/pages"}],"about":[{"href":"https:\/\/immex.ca\/en\/wp-json\/wp\/v2\/types\/page"}],"author":[{"embeddable":true,"href":"https:\/\/immex.ca\/en\/wp-json\/wp\/v2\/users\/6396"}],"replies":[{"embeddable":true,"href":"https:\/\/immex.ca\/en\/wp-json\/wp\/v2\/comments?post=110"}],"version-history":[{"count":0,"href":"https:\/\/immex.ca\/en\/wp-json\/wp\/v2\/pages\/110\/revisions"}],"up":[{"embeddable":true,"href":"https:\/\/immex.ca\/en\/wp-json\/wp\/v2\/pages\/49"}],"wp:attachment":[{"href":"https:\/\/immex.ca\/en\/wp-json\/wp\/v2\/media?parent=110"}],"curies":[{"name":"wp","href":"https:\/\/api.w.org\/{rel}","templated":true}]}}